{"id":70,"date":"2025-05-15T16:28:17","date_gmt":"2025-05-15T14:28:17","guid":{"rendered":"https:\/\/centresocialamilcarreghem.ovh\/?page_id=70"},"modified":"2025-05-27T16:40:41","modified_gmt":"2025-05-27T14:40:41","slug":"pole-adultes-seniors-et-sante","status":"publish","type":"page","link":"https:\/\/centresocialamilcarreghem.ovh\/index.php\/pole-adultes-seniors-et-sante\/","title":{"rendered":"P\u00f4le S\u00e9niors et Sant\u00e9"},"content":{"rendered":"\t\t<div data-elementor-type=\"wp-page\" data-elementor-id=\"70\" class=\"elementor elementor-70\">\n\t\t\t\t<div class=\"elementor-element elementor-element-023b08c e-con-full e-flex wpr-particle-no wpr-jarallax-no wpr-parallax-no wpr-sticky-section-no e-con e-parent\" data-id=\"023b08c\" data-element_type=\"container\">\n\t\t<div class=\"elementor-element elementor-element-4f8e587 e-con-full e-flex wpr-particle-no wpr-jarallax-no wpr-parallax-no wpr-sticky-section-no e-con e-child\" data-id=\"4f8e587\" data-element_type=\"container\">\n\t\t\t\t<div class=\"elementor-element elementor-element-7f9e180 elementor-widget elementor-widget-heading\" data-id=\"7f9e180\" data-element_type=\"widget\" data-widget_type=\"heading.default\">\n\t\t\t\t<div class=\"elementor-widget-container\">\n\t\t\t\t\t<h3 class=\"elementor-heading-title elementor-size-default\">S\u00e9niors<\/h3>\t\t\t\t<\/div>\n\t\t\t\t<\/div>\n\t\t\t\t<div class=\"elementor-element elementor-element-bdb4731 elementor-widget elementor-widget-text-editor\" data-id=\"bdb4731\" data-element_type=\"widget\" data-widget_type=\"text-editor.default\">\n\t\t\t\t<div class=\"elementor-widget-container\">\n\t\t\t\t\t\t\t\t\t<p>Des activit\u00e9s int\u00e9grationnelles diverses vous sont propos\u00e9es tout au long de l\u2019ann\u00e9e pour les personnes de plus de 60 ans : des sorties culturelles, loisirs, pr\u00e9vention sant\u00e9, travail de la m\u00e9moire, cr\u00e9ation manuelles, mise en forme, groupe parole\u2026<\/p><p>Nous sommes \u00e0 votre \u00e9coute et vous accompagne pour r\u00e9aliser vos projets, vos envies, encourager vos initiatives. Chaque habitant a des savoirs, des exp\u00e9riences un pouvoir d\u2019agir sur son quotidien, son environnement sur la soci\u00e9t\u00e9 en g\u00e9n\u00e9ral. Notre \u00e9quipe est l\u00e0 pour vous. Notre objectif est de favoriser les prises d\u2019initiatives, le lien social et de valoriser chacun en fonction des comp\u00e9tences.\u00a0<\/p>\t\t\t\t\t\t\t\t<\/div>\n\t\t\t\t<\/div>\n\t\t\t\t<\/div>\n\t\t\t\t<div class=\"elementor-element elementor-element-e81eaef elementor-widget__width-initial elementor-widget elementor-widget-image\" data-id=\"e81eaef\" data-element_type=\"widget\" data-widget_type=\"image.default\">\n\t\t\t\t<div class=\"elementor-widget-container\">\n\t\t\t\t\t\t\t\t\t\t\t\t\t\t\t<img fetchpriority=\"high\" decoding=\"async\" width=\"2000\" height=\"1414\" src=\"https:\/\/centresocialamilcarreghem.ovh\/wp-content\/uploads\/2025\/05\/Puzzle-seniors-sante.png\" class=\"attachment-full size-full wp-image-880\" alt=\"Puzzle repr\u00e9sentant les activit\u00e9s du p\u00f4le s\u00e9niors \/ sant\u00e9\" srcset=\"https:\/\/centresocialamilcarreghem.ovh\/wp-content\/uploads\/2025\/05\/Puzzle-seniors-sante.png 2000w, https:\/\/centresocialamilcarreghem.ovh\/wp-content\/uploads\/2025\/05\/Puzzle-seniors-sante-300x212.png 300w, https:\/\/centresocialamilcarreghem.ovh\/wp-content\/uploads\/2025\/05\/Puzzle-seniors-sante-1024x724.png 1024w, https:\/\/centresocialamilcarreghem.ovh\/wp-content\/uploads\/2025\/05\/Puzzle-seniors-sante-768x543.png 768w, https:\/\/centresocialamilcarreghem.ovh\/wp-content\/uploads\/2025\/05\/Puzzle-seniors-sante-1536x1086.png 1536w\" sizes=\"(max-width: 2000px) 100vw, 2000px\" \/>\t\t\t\t\t\t\t\t\t\t\t\t\t\t\t<\/div>\n\t\t\t\t<\/div>\n\t\t\t\t<\/div>\n\t\t<div class=\"elementor-element elementor-element-50690a8 e-con-full e-flex wpr-particle-no wpr-jarallax-no wpr-parallax-no wpr-sticky-section-no e-con e-parent\" data-id=\"50690a8\" data-element_type=\"container\">\n\t\t\t\t<div class=\"elementor-element elementor-element-8d0720f elementor-widget__width-inherit elementor-widget elementor-widget-image\" data-id=\"8d0720f\" data-element_type=\"widget\" data-widget_type=\"image.default\">\n\t\t\t\t<div class=\"elementor-widget-container\">\n\t\t\t\t\t\t\t\t\t\t\t\t\t\t\t<img decoding=\"async\" src=\"https:\/\/centresocialamilcarreghem.ovh\/wp-content\/uploads\/elementor\/thumbs\/Sante-1-r6wk9xlhfpw6ln9uzypmyqqa6w5g0878zwinvjuiko.png\" title=\"Sant\u00e9 1\" alt=\"Une femme tenant un symbole &quot;d&#039;Octobre Rose&quot;\" loading=\"lazy\" \/>\t\t\t\t\t\t\t\t\t\t\t\t\t\t\t<\/div>\n\t\t\t\t<\/div>\n\t\t<div class=\"elementor-element elementor-element-b2b099d e-con-full e-flex wpr-particle-no wpr-jarallax-no wpr-parallax-no wpr-sticky-section-no e-con e-child\" data-id=\"b2b099d\" data-element_type=\"container\">\n\t\t\t\t<div class=\"elementor-element elementor-element-05a1e61 elementor-widget elementor-widget-heading\" data-id=\"05a1e61\" data-element_type=\"widget\" data-widget_type=\"heading.default\">\n\t\t\t\t<div class=\"elementor-widget-container\">\n\t\t\t\t\t<h3 class=\"elementor-heading-title elementor-size-default\">Sant\u00e9<\/h3>\t\t\t\t<\/div>\n\t\t\t\t<\/div>\n\t\t\t\t<div class=\"elementor-element elementor-element-47166f3 elementor-widget elementor-widget-text-editor\" data-id=\"47166f3\" data-element_type=\"widget\" data-widget_type=\"text-editor.default\">\n\t\t\t\t<div class=\"elementor-widget-container\">\n\t\t\t\t\t\t\t\t\t<p>Nous vous aidons avec les d\u00e9marches de d\u00e9pistages, les prises de rendez-vous, un accompagnement \u00ab\u00a0physique\u00a0\u00bb, compl\u00e9ment d\u2019information et aide \u00e0 la r\u00e9daction de documents n\u00e9cessaires.<\/p><p>Des ateliers culinaires et des s\u00e9ances d\u2019activit\u00e9 physiques afin de d\u00e9velopper des savoir-faire et des savoir-\u00eatre.\u00a0<\/p>\t\t\t\t\t\t\t\t<\/div>\n\t\t\t\t<\/div>\n\t\t\t\t<\/div>\n\t\t\t\t<\/div>\n\t\t<div class=\"elementor-element elementor-element-725bd9d e-flex e-con-boxed wpr-particle-no wpr-jarallax-no wpr-parallax-no wpr-sticky-section-no e-con e-parent\" data-id=\"725bd9d\" data-element_type=\"container\">\n\t\t\t\t\t<div class=\"e-con-inner\">\n\t\t\t\t<div class=\"elementor-element elementor-element-fcf5acd elementor-widget elementor-widget-text-editor\" data-id=\"fcf5acd\" data-element_type=\"widget\" data-widget_type=\"text-editor.default\">\n\t\t\t\t<div class=\"elementor-widget-container\">\n\t\t\t\t\t\t\t\t\t<p>Retrouvez la charte de fonctionnement des ateliers.<\/p>\t\t\t\t\t\t\t\t<\/div>\n\t\t\t\t<\/div>\n\t\t\t\t<div class=\"elementor-element elementor-element-5e4a730 elementor-view-default elementor-widget elementor-widget-icon\" data-id=\"5e4a730\" data-element_type=\"widget\" data-widget_type=\"icon.default\">\n\t\t\t\t<div class=\"elementor-widget-container\">\n\t\t\t\t\t\t\t<div class=\"elementor-icon-wrapper\">\n\t\t\t<a class=\"elementor-icon elementor-animation-grow\" href=\"https:\/\/centresocialamilcarreghem.ovh\/wp-content\/uploads\/2025\/05\/charte-adulte-sante-corrige.pdf\">\n\t\t\t<svg aria-hidden=\"true\" class=\"e-font-icon-svg e-fas-file-pdf\" viewBox=\"0 0 384 512\" xmlns=\"http:\/\/www.w3.org\/2000\/svg\"><path d=\"M181.9 256.1c-5-16-4.9-46.9-2-46.9 8.4 0 7.6 36.9 2 46.9zm-1.7 47.2c-7.7 20.2-17.3 43.3-28.4 62.7 18.3-7 39-17.2 62.9-21.9-12.7-9.6-24.9-23.4-34.5-40.8zM86.1 428.1c0 .8 13.2-5.4 34.9-40.2-6.7 6.3-29.1 24.5-34.9 40.2zM248 160h136v328c0 13.3-10.7 24-24 24H24c-13.3 0-24-10.7-24-24V24C0 10.7 10.7 0 24 0h200v136c0 13.2 10.8 24 24 24zm-8 171.8c-20-12.2-33.3-29-42.7-53.8 4.5-18.5 11.6-46.6 6.2-64.2-4.7-29.4-42.4-26.5-47.8-6.8-5 18.3-.4 44.1 8.1 77-11.6 27.6-28.7 64.6-40.8 85.8-.1 0-.1.1-.2.1-27.1 13.9-73.6 44.5-54.5 68 5.6 6.9 16 10 21.5 10 17.9 0 35.7-18 61.1-61.8 25.8-8.5 54.1-19.1 79-23.2 21.7 11.8 47.1 19.5 64 19.5 29.2 0 31.2-32 19.7-43.4-13.9-13.6-54.3-9.7-73.6-7.2zM377 105L279 7c-4.5-4.5-10.6-7-17-7h-6v128h128v-6.1c0-6.3-2.5-12.4-7-16.9zm-74.1 255.3c4.1-2.7-2.5-11.9-42.8-9 37.1 15.8 42.8 9 42.8 9z\"><\/path><\/svg>\t\t\t<\/a>\n\t\t<\/div>\n\t\t\t\t\t\t<\/div>\n\t\t\t\t<\/div>\n\t\t\t\t<div class=\"elementor-element elementor-element-35dee3f elementor-widget elementor-widget-text-editor\" data-id=\"35dee3f\" data-element_type=\"widget\" data-widget_type=\"text-editor.default\">\n\t\t\t\t<div class=\"elementor-widget-container\">\n\t\t\t\t\t\t\t\t\t<p>Retrouvez la fiche d&rsquo;inscription.<\/p>\t\t\t\t\t\t\t\t<\/div>\n\t\t\t\t<\/div>\n\t\t\t\t<div class=\"elementor-element elementor-element-7b5423c elementor-view-default elementor-widget elementor-widget-icon\" data-id=\"7b5423c\" data-element_type=\"widget\" data-widget_type=\"icon.default\">\n\t\t\t\t<div class=\"elementor-widget-container\">\n\t\t\t\t\t\t\t<div class=\"elementor-icon-wrapper\">\n\t\t\t<a class=\"elementor-icon elementor-animation-grow\" href=\"https:\/\/centresocialamilcarreghem.ovh\/wp-content\/uploads\/2025\/05\/fiche-adhesion.pdf\">\n\t\t\t<svg aria-hidden=\"true\" class=\"e-font-icon-svg e-fas-file-pdf\" viewBox=\"0 0 384 512\" xmlns=\"http:\/\/www.w3.org\/2000\/svg\"><path d=\"M181.9 256.1c-5-16-4.9-46.9-2-46.9 8.4 0 7.6 36.9 2 46.9zm-1.7 47.2c-7.7 20.2-17.3 43.3-28.4 62.7 18.3-7 39-17.2 62.9-21.9-12.7-9.6-24.9-23.4-34.5-40.8zM86.1 428.1c0 .8 13.2-5.4 34.9-40.2-6.7 6.3-29.1 24.5-34.9 40.2zM248 160h136v328c0 13.3-10.7 24-24 24H24c-13.3 0-24-10.7-24-24V24C0 10.7 10.7 0 24 0h200v136c0 13.2 10.8 24 24 24zm-8 171.8c-20-12.2-33.3-29-42.7-53.8 4.5-18.5 11.6-46.6 6.2-64.2-4.7-29.4-42.4-26.5-47.8-6.8-5 18.3-.4 44.1 8.1 77-11.6 27.6-28.7 64.6-40.8 85.8-.1 0-.1.1-.2.1-27.1 13.9-73.6 44.5-54.5 68 5.6 6.9 16 10 21.5 10 17.9 0 35.7-18 61.1-61.8 25.8-8.5 54.1-19.1 79-23.2 21.7 11.8 47.1 19.5 64 19.5 29.2 0 31.2-32 19.7-43.4-13.9-13.6-54.3-9.7-73.6-7.2zM377 105L279 7c-4.5-4.5-10.6-7-17-7h-6v128h128v-6.1c0-6.3-2.5-12.4-7-16.9zm-74.1 255.3c4.1-2.7-2.5-11.9-42.8-9 37.1 15.8 42.8 9 42.8 9z\"><\/path><\/svg>\t\t\t<\/a>\n\t\t<\/div>\n\t\t\t\t\t\t<\/div>\n\t\t\t\t<\/div>\n\t\t\t\t\t<\/div>\n\t\t\t\t<\/div>\n\t\t\t\t<\/div>\n\t\t","protected":false},"excerpt":{"rendered":"<p>S\u00e9niors Des activit\u00e9s int\u00e9grationnelles diverses vous sont propos\u00e9es tout au long de l\u2019ann\u00e9e pour les personnes de plus de 60 ans : des sorties culturelles, loisirs, pr\u00e9vention sant\u00e9, travail de la m\u00e9moire, cr\u00e9ation manuelles, mise en forme, groupe parole\u2026 Nous sommes \u00e0 votre \u00e9coute et vous accompagne pour r\u00e9aliser vos projets, vos envies, encourager vos initiatives. Chaque habitant a des savoirs, des exp\u00e9riences un pouvoir d\u2019agir sur son quotidien, son environnement sur la soci\u00e9t\u00e9 en g\u00e9n\u00e9ral. Notre \u00e9quipe est l\u00e0 pour vous. Notre objectif est de favoriser les prises d\u2019initiatives, le lien social et de valoriser chacun en fonction des comp\u00e9tences.\u00a0 Sant\u00e9 Nous vous aidons avec les d\u00e9marches de d\u00e9pistages, les prises de rendez-vous, un accompagnement \u00ab\u00a0physique\u00a0\u00bb, compl\u00e9ment d\u2019information et aide \u00e0 la r\u00e9daction de documents n\u00e9cessaires. Des ateliers culinaires et des s\u00e9ances d\u2019activit\u00e9 physiques afin de d\u00e9velopper des savoir-faire et des savoir-\u00eatre.\u00a0 Retrouvez la charte de fonctionnement des ateliers. Retrouvez la fiche d&rsquo;inscription.<\/p>\n","protected":false},"author":1,"featured_media":0,"parent":0,"menu_order":0,"comment_status":"closed","ping_status":"closed","template":"elementor_header_footer","meta":{"footnotes":""},"class_list":["post-70","page","type-page","status-publish","hentry","entry"],"yoast_head":"<!-- This site is optimized with the Yoast SEO plugin v26.6 - https:\/\/yoast.com\/wordpress\/plugins\/seo\/ -->\n<title>P\u00f4le S\u00e9niors et Sant\u00e9 - Centre Social et Culturel Amilcar Reghem - Qui\u00e9vrechain<\/title>\n<meta name=\"description\" content=\"Venez d\u00e9couvrir notre Pole S\u00e9niors et Sant\u00e9, les ateliers, les animations, tout ce qui est mit en place par notre centre.\" \/>\n<meta name=\"robots\" content=\"noindex, follow, max-snippet:-1, max-image-preview:large, max-video-preview:-1\" \/>\n<meta property=\"og:locale\" content=\"fr_FR\" \/>\n<meta property=\"og:type\" content=\"article\" \/>\n<meta property=\"og:title\" content=\"P\u00f4le S\u00e9niors et Sant\u00e9 - Centre Social et Culturel Amilcar Reghem - Qui\u00e9vrechain\" \/>\n<meta property=\"og:description\" content=\"Venez d\u00e9couvrir notre Pole S\u00e9niors et Sant\u00e9, les ateliers, les animations, tout ce qui est mit en place par notre centre.\" \/>\n<meta property=\"og:url\" content=\"https:\/\/centresocialamilcarreghem.ovh\/index.php\/pole-adultes-seniors-et-sante\/\" \/>\n<meta property=\"og:site_name\" content=\"Centre Social et Culturel Amilcar Reghem\" \/>\n<meta property=\"article:publisher\" content=\"https:\/\/www.facebook.com\/CentresocialAmilcarReghem\" \/>\n<meta property=\"article:modified_time\" content=\"2025-05-27T14:40:41+00:00\" \/>\n<meta property=\"og:image\" content=\"https:\/\/centresocialamilcarreghem.ovh\/wp-content\/uploads\/2025\/05\/Puzzle-seniors-sante.png\" \/>\n\t<meta property=\"og:image:width\" content=\"2000\" \/>\n\t<meta property=\"og:image:height\" content=\"1414\" \/>\n\t<meta property=\"og:image:type\" content=\"image\/png\" \/>\n<meta name=\"twitter:card\" content=\"summary_large_image\" \/>\n<meta name=\"twitter:label1\" content=\"Dur\u00e9e de lecture estim\u00e9e\" \/>\n\t<meta name=\"twitter:data1\" content=\"2 minutes\" \/>\n<script type=\"application\/ld+json\" class=\"yoast-schema-graph\">{\"@context\":\"https:\/\/schema.org\",\"@graph\":[{\"@type\":\"WebPage\",\"@id\":\"https:\/\/centresocialamilcarreghem.ovh\/index.php\/pole-adultes-seniors-et-sante\/\",\"url\":\"https:\/\/centresocialamilcarreghem.ovh\/index.php\/pole-adultes-seniors-et-sante\/\",\"name\":\"P\u00f4le S\u00e9niors et Sant\u00e9 - Centre Social et Culturel Amilcar Reghem - Qui\u00e9vrechain\",\"isPartOf\":{\"@id\":\"https:\/\/centresocialamilcarreghem.ovh\/#website\"},\"primaryImageOfPage\":{\"@id\":\"https:\/\/centresocialamilcarreghem.ovh\/index.php\/pole-adultes-seniors-et-sante\/#primaryimage\"},\"image\":{\"@id\":\"https:\/\/centresocialamilcarreghem.ovh\/index.php\/pole-adultes-seniors-et-sante\/#primaryimage\"},\"thumbnailUrl\":\"https:\/\/centresocialamilcarreghem.ovh\/wp-content\/uploads\/2025\/05\/Puzzle-seniors-sante.png\",\"datePublished\":\"2025-05-15T14:28:17+00:00\",\"dateModified\":\"2025-05-27T14:40:41+00:00\",\"description\":\"Venez d\u00e9couvrir notre Pole S\u00e9niors et Sant\u00e9, les ateliers, les animations, tout ce qui est mit en place par notre centre.\",\"breadcrumb\":{\"@id\":\"https:\/\/centresocialamilcarreghem.ovh\/index.php\/pole-adultes-seniors-et-sante\/#breadcrumb\"},\"inLanguage\":\"fr-FR\",\"potentialAction\":[{\"@type\":\"ReadAction\",\"target\":[\"https:\/\/centresocialamilcarreghem.ovh\/index.php\/pole-adultes-seniors-et-sante\/\"]}]},{\"@type\":\"ImageObject\",\"inLanguage\":\"fr-FR\",\"@id\":\"https:\/\/centresocialamilcarreghem.ovh\/index.php\/pole-adultes-seniors-et-sante\/#primaryimage\",\"url\":\"https:\/\/centresocialamilcarreghem.ovh\/wp-content\/uploads\/2025\/05\/Puzzle-seniors-sante.png\",\"contentUrl\":\"https:\/\/centresocialamilcarreghem.ovh\/wp-content\/uploads\/2025\/05\/Puzzle-seniors-sante.png\",\"width\":2000,\"height\":1414,\"caption\":\"Puzzle repr\u00e9sentant les activit\u00e9s du p\u00f4le s\u00e9niors \/ sant\u00e9\"},{\"@type\":\"BreadcrumbList\",\"@id\":\"https:\/\/centresocialamilcarreghem.ovh\/index.php\/pole-adultes-seniors-et-sante\/#breadcrumb\",\"itemListElement\":[{\"@type\":\"ListItem\",\"position\":1,\"name\":\"Accueil\",\"item\":\"https:\/\/centresocialamilcarreghem.ovh\/\"},{\"@type\":\"ListItem\",\"position\":2,\"name\":\"P\u00f4le S\u00e9niors et Sant\u00e9\"}]},{\"@type\":\"WebSite\",\"@id\":\"https:\/\/centresocialamilcarreghem.ovh\/#website\",\"url\":\"https:\/\/centresocialamilcarreghem.ovh\/\",\"name\":\"Centre Social et Culturel Amilcar Reghem\",\"description\":\"\",\"publisher\":{\"@id\":\"https:\/\/centresocialamilcarreghem.ovh\/#organization\"},\"potentialAction\":[{\"@type\":\"SearchAction\",\"target\":{\"@type\":\"EntryPoint\",\"urlTemplate\":\"https:\/\/centresocialamilcarreghem.ovh\/?s={search_term_string}\"},\"query-input\":{\"@type\":\"PropertyValueSpecification\",\"valueRequired\":true,\"valueName\":\"search_term_string\"}}],\"inLanguage\":\"fr-FR\"},{\"@type\":\"Organization\",\"@id\":\"https:\/\/centresocialamilcarreghem.ovh\/#organization\",\"name\":\"Centre Social et Culturel Amilcar Reghem\",\"url\":\"https:\/\/centresocialamilcarreghem.ovh\/\",\"logo\":{\"@type\":\"ImageObject\",\"inLanguage\":\"fr-FR\",\"@id\":\"https:\/\/centresocialamilcarreghem.ovh\/#\/schema\/logo\/image\/\",\"url\":\"https:\/\/centresocialamilcarreghem.ovh\/wp-content\/uploads\/2025\/05\/logo_centre_social.png\",\"contentUrl\":\"https:\/\/centresocialamilcarreghem.ovh\/wp-content\/uploads\/2025\/05\/logo_centre_social.png\",\"width\":500,\"height\":500,\"caption\":\"Centre Social et Culturel Amilcar Reghem\"},\"image\":{\"@id\":\"https:\/\/centresocialamilcarreghem.ovh\/#\/schema\/logo\/image\/\"},\"sameAs\":[\"https:\/\/www.facebook.com\/CentresocialAmilcarReghem\",\"https:\/\/www.instagram.com\/amilcarreghem\/\"]}]}<\/script>\n<!-- \/ Yoast SEO plugin. -->","yoast_head_json":{"title":"P\u00f4le S\u00e9niors et Sant\u00e9 - Centre Social et Culturel Amilcar Reghem - Qui\u00e9vrechain","description":"Venez d\u00e9couvrir notre Pole S\u00e9niors et Sant\u00e9, les ateliers, les animations, tout ce qui est mit en place par notre centre.","robots":{"index":"noindex","follow":"follow","max-snippet":"max-snippet:-1","max-image-preview":"max-image-preview:large","max-video-preview":"max-video-preview:-1"},"og_locale":"fr_FR","og_type":"article","og_title":"P\u00f4le S\u00e9niors et Sant\u00e9 - Centre Social et Culturel Amilcar Reghem - Qui\u00e9vrechain","og_description":"Venez d\u00e9couvrir notre Pole S\u00e9niors et Sant\u00e9, les ateliers, les animations, tout ce qui est mit en place par notre centre.","og_url":"https:\/\/centresocialamilcarreghem.ovh\/index.php\/pole-adultes-seniors-et-sante\/","og_site_name":"Centre Social et Culturel Amilcar Reghem","article_publisher":"https:\/\/www.facebook.com\/CentresocialAmilcarReghem","article_modified_time":"2025-05-27T14:40:41+00:00","og_image":[{"width":2000,"height":1414,"url":"https:\/\/centresocialamilcarreghem.ovh\/wp-content\/uploads\/2025\/05\/Puzzle-seniors-sante.png","type":"image\/png"}],"twitter_card":"summary_large_image","twitter_misc":{"Dur\u00e9e de lecture estim\u00e9e":"2 minutes"},"schema":{"@context":"https:\/\/schema.org","@graph":[{"@type":"WebPage","@id":"https:\/\/centresocialamilcarreghem.ovh\/index.php\/pole-adultes-seniors-et-sante\/","url":"https:\/\/centresocialamilcarreghem.ovh\/index.php\/pole-adultes-seniors-et-sante\/","name":"P\u00f4le S\u00e9niors et Sant\u00e9 - Centre Social et Culturel Amilcar Reghem - Qui\u00e9vrechain","isPartOf":{"@id":"https:\/\/centresocialamilcarreghem.ovh\/#website"},"primaryImageOfPage":{"@id":"https:\/\/centresocialamilcarreghem.ovh\/index.php\/pole-adultes-seniors-et-sante\/#primaryimage"},"image":{"@id":"https:\/\/centresocialamilcarreghem.ovh\/index.php\/pole-adultes-seniors-et-sante\/#primaryimage"},"thumbnailUrl":"https:\/\/centresocialamilcarreghem.ovh\/wp-content\/uploads\/2025\/05\/Puzzle-seniors-sante.png","datePublished":"2025-05-15T14:28:17+00:00","dateModified":"2025-05-27T14:40:41+00:00","description":"Venez d\u00e9couvrir notre Pole S\u00e9niors et Sant\u00e9, les ateliers, les animations, tout ce qui est mit en place par notre centre.","breadcrumb":{"@id":"https:\/\/centresocialamilcarreghem.ovh\/index.php\/pole-adultes-seniors-et-sante\/#breadcrumb"},"inLanguage":"fr-FR","potentialAction":[{"@type":"ReadAction","target":["https:\/\/centresocialamilcarreghem.ovh\/index.php\/pole-adultes-seniors-et-sante\/"]}]},{"@type":"ImageObject","inLanguage":"fr-FR","@id":"https:\/\/centresocialamilcarreghem.ovh\/index.php\/pole-adultes-seniors-et-sante\/#primaryimage","url":"https:\/\/centresocialamilcarreghem.ovh\/wp-content\/uploads\/2025\/05\/Puzzle-seniors-sante.png","contentUrl":"https:\/\/centresocialamilcarreghem.ovh\/wp-content\/uploads\/2025\/05\/Puzzle-seniors-sante.png","width":2000,"height":1414,"caption":"Puzzle repr\u00e9sentant les activit\u00e9s du p\u00f4le s\u00e9niors \/ sant\u00e9"},{"@type":"BreadcrumbList","@id":"https:\/\/centresocialamilcarreghem.ovh\/index.php\/pole-adultes-seniors-et-sante\/#breadcrumb","itemListElement":[{"@type":"ListItem","position":1,"name":"Accueil","item":"https:\/\/centresocialamilcarreghem.ovh\/"},{"@type":"ListItem","position":2,"name":"P\u00f4le S\u00e9niors et Sant\u00e9"}]},{"@type":"WebSite","@id":"https:\/\/centresocialamilcarreghem.ovh\/#website","url":"https:\/\/centresocialamilcarreghem.ovh\/","name":"Centre Social et Culturel Amilcar Reghem","description":"","publisher":{"@id":"https:\/\/centresocialamilcarreghem.ovh\/#organization"},"potentialAction":[{"@type":"SearchAction","target":{"@type":"EntryPoint","urlTemplate":"https:\/\/centresocialamilcarreghem.ovh\/?s={search_term_string}"},"query-input":{"@type":"PropertyValueSpecification","valueRequired":true,"valueName":"search_term_string"}}],"inLanguage":"fr-FR"},{"@type":"Organization","@id":"https:\/\/centresocialamilcarreghem.ovh\/#organization","name":"Centre Social et Culturel Amilcar Reghem","url":"https:\/\/centresocialamilcarreghem.ovh\/","logo":{"@type":"ImageObject","inLanguage":"fr-FR","@id":"https:\/\/centresocialamilcarreghem.ovh\/#\/schema\/logo\/image\/","url":"https:\/\/centresocialamilcarreghem.ovh\/wp-content\/uploads\/2025\/05\/logo_centre_social.png","contentUrl":"https:\/\/centresocialamilcarreghem.ovh\/wp-content\/uploads\/2025\/05\/logo_centre_social.png","width":500,"height":500,"caption":"Centre Social et Culturel Amilcar Reghem"},"image":{"@id":"https:\/\/centresocialamilcarreghem.ovh\/#\/schema\/logo\/image\/"},"sameAs":["https:\/\/www.facebook.com\/CentresocialAmilcarReghem","https:\/\/www.instagram.com\/amilcarreghem\/"]}]}},"_links":{"self":[{"href":"https:\/\/centresocialamilcarreghem.ovh\/index.php\/wp-json\/wp\/v2\/pages\/70","targetHints":{"allow":["GET"]}}],"collection":[{"href":"https:\/\/centresocialamilcarreghem.ovh\/index.php\/wp-json\/wp\/v2\/pages"}],"about":[{"href":"https:\/\/centresocialamilcarreghem.ovh\/index.php\/wp-json\/wp\/v2\/types\/page"}],"author":[{"embeddable":true,"href":"https:\/\/centresocialamilcarreghem.ovh\/index.php\/wp-json\/wp\/v2\/users\/1"}],"replies":[{"embeddable":true,"href":"https:\/\/centresocialamilcarreghem.ovh\/index.php\/wp-json\/wp\/v2\/comments?post=70"}],"version-history":[{"count":21,"href":"https:\/\/centresocialamilcarreghem.ovh\/index.php\/wp-json\/wp\/v2\/pages\/70\/revisions"}],"predecessor-version":[{"id":1198,"href":"https:\/\/centresocialamilcarreghem.ovh\/index.php\/wp-json\/wp\/v2\/pages\/70\/revisions\/1198"}],"wp:attachment":[{"href":"https:\/\/centresocialamilcarreghem.ovh\/index.php\/wp-json\/wp\/v2\/media?parent=70"}],"curies":[{"name":"wp","href":"https:\/\/api.w.org\/{rel}","templated":true}]}}