{"id":55,"date":"2025-05-15T16:24:14","date_gmt":"2025-05-15T14:24:14","guid":{"rendered":"https:\/\/centresocialamilcarreghem.ovh\/?page_id=55"},"modified":"2025-06-02T09:06:25","modified_gmt":"2025-06-02T07:06:25","slug":"mentions-legales","status":"publish","type":"page","link":"https:\/\/centresocialamilcarreghem.ovh\/index.php\/mentions-legales\/","title":{"rendered":"Mentions l\u00e9gales"},"content":{"rendered":"\t\t<div data-elementor-type=\"wp-page\" data-elementor-id=\"55\" class=\"elementor elementor-55\">\n\t\t\t\t<div class=\"elementor-element elementor-element-0f97fc1 e-flex e-con-boxed wpr-particle-no wpr-jarallax-no wpr-parallax-no wpr-sticky-section-no e-con e-parent\" data-id=\"0f97fc1\" data-element_type=\"container\">\n\t\t\t\t\t<div class=\"e-con-inner\">\n\t\t\t\t<div class=\"elementor-element elementor-element-25d59fe elementor-widget elementor-widget-spacer\" data-id=\"25d59fe\" data-element_type=\"widget\" data-widget_type=\"spacer.default\">\n\t\t\t\t<div class=\"elementor-widget-container\">\n\t\t\t\t\t\t\t<div class=\"elementor-spacer\">\n\t\t\t<div class=\"elementor-spacer-inner\"><\/div>\n\t\t<\/div>\n\t\t\t\t\t\t<\/div>\n\t\t\t\t<\/div>\n\t\t\t\t<div class=\"elementor-element elementor-element-e83a372 elementor-widget elementor-widget-heading\" data-id=\"e83a372\" data-element_type=\"widget\" data-widget_type=\"heading.default\">\n\t\t\t\t<div class=\"elementor-widget-container\">\n\t\t\t\t\t<h3 class=\"elementor-heading-title elementor-size-default\">Pr\u00e9sentation g\u00e9n\u00e9ral<\/h3>\t\t\t\t<\/div>\n\t\t\t\t<\/div>\n\t\t\t\t<div class=\"elementor-element elementor-element-ffb1e9b elementor-widget elementor-widget-spacer\" data-id=\"ffb1e9b\" data-element_type=\"widget\" data-widget_type=\"spacer.default\">\n\t\t\t\t<div class=\"elementor-widget-container\">\n\t\t\t\t\t\t\t<div class=\"elementor-spacer\">\n\t\t\t<div class=\"elementor-spacer-inner\"><\/div>\n\t\t<\/div>\n\t\t\t\t\t\t<\/div>\n\t\t\t\t<\/div>\n\t\t\t\t<div class=\"elementor-element elementor-element-481e71a elementor-widget elementor-widget-text-editor\" data-id=\"481e71a\" data-element_type=\"widget\" data-widget_type=\"text-editor.default\">\n\t\t\t\t<div class=\"elementor-widget-container\">\n\t\t\t\t\t\t\t\t\t<p>Raison sociale : Centre Social Amilcar Reghem, Rue du Calvaire, 59920 Qui\u00e9vrechain<br>T\u00e9l. 03 27 09 05 15<br>mail : centresocialareghem@orange.fr<br>Propri\u00e9taire du site internet :&nbsp;Centre Social Amilcar Reghem<\/p>\n<p>H\u00e9bergeur et cr\u00e9ateur:&nbsp; OVH, Mary De Vos, Julien Boutel<br>Si\u00e8ge social : Rue du Calvaire<br>Siret : 39744808500019<\/p>\n<p><strong>1 \u2013 Conditions d\u2019utilisation du site<\/strong><\/p>\n<p>Le centre social ci dessus d\u00e9nomm\u00e9e fournit ses services sous r\u00e9serve que vous vous engagiez \u00e0 respecter les pr\u00e9sentes conditions d\u2019utilisation que le centre social ci dessus d\u00e9nomm\u00e9e sera libre de modifier \u00e0 tout moment.<\/p>\n<p><strong>2 \u2013 Propri\u00e9t\u00e9 intellectuelle<\/strong><\/p>\n<p><span style=\"font-size: 14px;\">En accord avec les lois r\u00e9gi<\/span><span style=\"font-size: 14px;\">ssant la propri\u00e9t\u00e9 intellectuelle, la reproduction ou l\u2019utilisation des \u00e9l\u00e9ments se trouvant dans ce site Internet, en totalit\u00e9 ou en partie est strictement interdite. Seules sont maintenues les exceptions l\u00e9gales dont notamment la repr\u00e9sentation dans le cadre du cercle de famille, la copie priv\u00e9e ou le droit de courte citation.<\/span><\/p>\n<p>Ainsi, tous les textes, photos, logos, marques et autres \u00e9l\u00e9ments reproduits sur ce site sont r\u00e9serv\u00e9s et prot\u00e9g\u00e9s par le droit de la propri\u00e9t\u00e9 intellectuelle. (Droit auteur, droit voisin, droit des marques\u2026).Toute repr\u00e9sentation totale ou partielle de ce site par quelque proc\u00e9d\u00e9 que ce soit, sans l\u2019autorisation expresse de l\u2019exploitant du site Internet est interdite et constituerait une contrefa\u00e7on sanctionn\u00e9e par les articles L 335-2 et suivants du Code de la propri\u00e9t\u00e9 intellectuelle.<\/p>\n<p><b>3 \u2013 Donn\u00e9es personnelles<\/b><\/p>\n<p>Le centre social&nbsp;<span style=\"font-size: 14px;\">s\u2019engage \u00e0 maintenir confidentielles les donn\u00e9es personnelles fournies par l\u2019utilisateur du site et \u00e0 ne pas les transf\u00e9rer \u00e0 d\u2019autres soci\u00e9t\u00e9s ou organismes.<\/span><\/p>\n<p>Le centre social s\u2019engage \u00e0 assurer \u00e0 toute personne qui en fera la demande un droit d\u2019acc\u00e8s, de rectification et de suppression des donn\u00e9es la concernant.<\/p>\n<p><b>4 \u2013 Responsabilit\u00e9<\/b><\/p>\n<p>Le centre social d\u00e9cline toute responsabilit\u00e9 pour les difficult\u00e9s rencontr\u00e9es lors de l\u2019acc\u00e8s \u00e0 son site ou pour toute d\u00e9faillance de communication.<\/p>\n<p>Le centre social se r\u00e9serve la possibilit\u00e9 de modifier, d\u2019interrompre temporairement ou de fa\u00e7on permanente, toute ou une partie du site, sans pr\u00e9avis ne pourra en aucun cas \u00eatre tenue pour responsable \u00e0 votre encontre ou \u00e0 l\u2019encontre d\u2019un tiers de toute modification, interruption ou suspension du site.<\/p>\n<p><strong>5 &#8211; Gestion des Cookies<\/strong><\/p>\n<p><a href=\"https:\/\/centresocialamilcarreghem.ovh\/index.php\/cookies\/\">Politique de gestion des Cookies<\/a><\/p>\n<p><b>6 &#8211; Ressources utilis\u00e9es<\/b><\/p>\n<p><a href=\"https:\/\/www.flaticon.com\/fr\/icones-gratuites\/utilisateur\">Utilisateur ic\u00f4nes cr\u00e9\u00e9es par Vectors Market &#8211; Flaticon<\/a><\/p>\t\t\t\t\t\t\t\t<\/div>\n\t\t\t\t<\/div>\n\t\t\t\t\t<\/div>\n\t\t\t\t<\/div>\n\t\t\t\t<\/div>\n\t\t","protected":false},"excerpt":{"rendered":"<p>Pr\u00e9sentation g\u00e9n\u00e9ral Raison sociale : Centre Social Amilcar Reghem, Rue du Calvaire, 59920 Qui\u00e9vrechainT\u00e9l. 03 27 09 05 15mail : centresocialareghem@orange.frPropri\u00e9taire du site internet :&nbsp;Centre Social Amilcar Reghem H\u00e9bergeur et cr\u00e9ateur:&nbsp; OVH, Mary De Vos, Julien BoutelSi\u00e8ge social : Rue du CalvaireSiret : 39744808500019 1 \u2013 Conditions d\u2019utilisation du site Le centre social ci dessus d\u00e9nomm\u00e9e fournit ses services sous r\u00e9serve que vous vous engagiez \u00e0 respecter les pr\u00e9sentes conditions d\u2019utilisation que le centre social ci dessus d\u00e9nomm\u00e9e sera libre de modifier \u00e0 tout moment. 2 \u2013 Propri\u00e9t\u00e9 intellectuelle En accord avec les lois r\u00e9gissant la propri\u00e9t\u00e9 intellectuelle, la reproduction ou l\u2019utilisation des \u00e9l\u00e9ments se trouvant dans ce site Internet, en totalit\u00e9 ou en partie est strictement interdite. Seules sont maintenues les exceptions l\u00e9gales dont notamment la repr\u00e9sentation dans le cadre du cercle de famille, la copie priv\u00e9e ou le droit de courte citation. Ainsi, tous les textes, photos, logos, marques et autres \u00e9l\u00e9ments reproduits sur ce site sont r\u00e9serv\u00e9s et prot\u00e9g\u00e9s par le droit de la propri\u00e9t\u00e9 intellectuelle. (Droit auteur, droit voisin, droit des marques\u2026).Toute repr\u00e9sentation totale ou partielle de ce site par quelque proc\u00e9d\u00e9 que ce soit, sans l\u2019autorisation expresse de l\u2019exploitant du site Internet est interdite et constituerait une contrefa\u00e7on sanctionn\u00e9e par les articles L 335-2 et suivants du Code de la propri\u00e9t\u00e9 intellectuelle. 3 \u2013 Donn\u00e9es personnelles Le centre social&nbsp;s\u2019engage \u00e0 maintenir confidentielles les donn\u00e9es personnelles fournies par l\u2019utilisateur du site et \u00e0 ne pas les transf\u00e9rer \u00e0 d\u2019autres soci\u00e9t\u00e9s ou organismes. Le centre social s\u2019engage \u00e0 assurer \u00e0 toute personne qui en fera la demande un droit d\u2019acc\u00e8s, de rectification et de suppression des donn\u00e9es la concernant. 4 \u2013 Responsabilit\u00e9 Le centre social d\u00e9cline toute responsabilit\u00e9 pour les difficult\u00e9s rencontr\u00e9es lors de l\u2019acc\u00e8s \u00e0 son site ou pour toute d\u00e9faillance de communication. Le centre social se r\u00e9serve la possibilit\u00e9 de modifier, d\u2019interrompre temporairement ou de fa\u00e7on permanente, toute ou une partie du site, sans pr\u00e9avis ne pourra en aucun cas \u00eatre tenue pour responsable \u00e0 votre encontre ou \u00e0 l\u2019encontre d\u2019un tiers de toute modification, interruption ou suspension du site. 5 &#8211; Gestion des Cookies Politique de gestion des Cookies 6 &#8211; Ressources utilis\u00e9es Utilisateur ic\u00f4nes cr\u00e9\u00e9es par Vectors Market &#8211; Flaticon<\/p>\n","protected":false},"author":1,"featured_media":0,"parent":0,"menu_order":0,"comment_status":"closed","ping_status":"closed","template":"","meta":{"footnotes":""},"class_list":["post-55","page","type-page","status-publish","hentry","entry"],"yoast_head":"<!-- This site is optimized with the Yoast SEO plugin v26.6 - https:\/\/yoast.com\/wordpress\/plugins\/seo\/ -->\n<title>Mentions l\u00e9gales - Centre Social et Culturel Amilcar Reghem<\/title>\n<meta name=\"robots\" content=\"noindex, nofollow\" \/>\n<meta property=\"og:locale\" content=\"fr_FR\" \/>\n<meta property=\"og:type\" content=\"article\" \/>\n<meta property=\"og:title\" content=\"Mentions l\u00e9gales - Centre Social et Culturel Amilcar Reghem\" \/>\n<meta property=\"og:description\" content=\"Pr\u00e9sentation g\u00e9n\u00e9ral Raison sociale : Centre Social Amilcar Reghem, Rue du Calvaire, 59920 Qui\u00e9vrechainT\u00e9l. 03 27 09 05 15mail : centresocialareghem@orange.frPropri\u00e9taire du site internet :&nbsp;Centre Social Amilcar Reghem H\u00e9bergeur et cr\u00e9ateur:&nbsp; OVH, Mary De Vos, Julien BoutelSi\u00e8ge social : Rue du CalvaireSiret : 39744808500019 1 \u2013 Conditions d\u2019utilisation du site Le centre social ci dessus d\u00e9nomm\u00e9e fournit ses services sous r\u00e9serve que vous vous engagiez \u00e0 respecter les pr\u00e9sentes conditions d\u2019utilisation que le centre social ci dessus d\u00e9nomm\u00e9e sera libre de modifier \u00e0 tout moment. 2 \u2013 Propri\u00e9t\u00e9 intellectuelle En accord avec les lois r\u00e9gissant la propri\u00e9t\u00e9 intellectuelle, la reproduction ou l\u2019utilisation des \u00e9l\u00e9ments se trouvant dans ce site Internet, en totalit\u00e9 ou en partie est strictement interdite. Seules sont maintenues les exceptions l\u00e9gales dont notamment la repr\u00e9sentation dans le cadre du cercle de famille, la copie priv\u00e9e ou le droit de courte citation. Ainsi, tous les textes, photos, logos, marques et autres \u00e9l\u00e9ments reproduits sur ce site sont r\u00e9serv\u00e9s et prot\u00e9g\u00e9s par le droit de la propri\u00e9t\u00e9 intellectuelle. (Droit auteur, droit voisin, droit des marques\u2026).Toute repr\u00e9sentation totale ou partielle de ce site par quelque proc\u00e9d\u00e9 que ce soit, sans l\u2019autorisation expresse de l\u2019exploitant du site Internet est interdite et constituerait une contrefa\u00e7on sanctionn\u00e9e par les articles L 335-2 et suivants du Code de la propri\u00e9t\u00e9 intellectuelle. 3 \u2013 Donn\u00e9es personnelles Le centre social&nbsp;s\u2019engage \u00e0 maintenir confidentielles les donn\u00e9es personnelles fournies par l\u2019utilisateur du site et \u00e0 ne pas les transf\u00e9rer \u00e0 d\u2019autres soci\u00e9t\u00e9s ou organismes. Le centre social s\u2019engage \u00e0 assurer \u00e0 toute personne qui en fera la demande un droit d\u2019acc\u00e8s, de rectification et de suppression des donn\u00e9es la concernant. 4 \u2013 Responsabilit\u00e9 Le centre social d\u00e9cline toute responsabilit\u00e9 pour les difficult\u00e9s rencontr\u00e9es lors de l\u2019acc\u00e8s \u00e0 son site ou pour toute d\u00e9faillance de communication. Le centre social se r\u00e9serve la possibilit\u00e9 de modifier, d\u2019interrompre temporairement ou de fa\u00e7on permanente, toute ou une partie du site, sans pr\u00e9avis ne pourra en aucun cas \u00eatre tenue pour responsable \u00e0 votre encontre ou \u00e0 l\u2019encontre d\u2019un tiers de toute modification, interruption ou suspension du site. 5 &#8211; Gestion des Cookies Politique de gestion des Cookies 6 &#8211; Ressources utilis\u00e9es Utilisateur ic\u00f4nes cr\u00e9\u00e9es par Vectors Market &#8211; Flaticon\" \/>\n<meta property=\"og:url\" content=\"https:\/\/centresocialamilcarreghem.ovh\/index.php\/mentions-legales\/\" \/>\n<meta property=\"og:site_name\" content=\"Centre Social et Culturel Amilcar Reghem\" \/>\n<meta property=\"article:publisher\" content=\"https:\/\/www.facebook.com\/CentresocialAmilcarReghem\" \/>\n<meta property=\"article:modified_time\" content=\"2025-06-02T07:06:25+00:00\" \/>\n<meta name=\"twitter:card\" content=\"summary_large_image\" \/>\n<meta name=\"twitter:label1\" content=\"Dur\u00e9e de lecture estim\u00e9e\" \/>\n\t<meta name=\"twitter:data1\" content=\"2 minutes\" \/>\n<script type=\"application\/ld+json\" class=\"yoast-schema-graph\">{\"@context\":\"https:\/\/schema.org\",\"@graph\":[{\"@type\":\"WebPage\",\"@id\":\"https:\/\/centresocialamilcarreghem.ovh\/index.php\/mentions-legales\/\",\"url\":\"https:\/\/centresocialamilcarreghem.ovh\/index.php\/mentions-legales\/\",\"name\":\"Mentions l\u00e9gales - Centre Social et Culturel Amilcar Reghem\",\"isPartOf\":{\"@id\":\"https:\/\/centresocialamilcarreghem.ovh\/#website\"},\"datePublished\":\"2025-05-15T14:24:14+00:00\",\"dateModified\":\"2025-06-02T07:06:25+00:00\",\"breadcrumb\":{\"@id\":\"https:\/\/centresocialamilcarreghem.ovh\/index.php\/mentions-legales\/#breadcrumb\"},\"inLanguage\":\"fr-FR\",\"potentialAction\":[{\"@type\":\"ReadAction\",\"target\":[\"https:\/\/centresocialamilcarreghem.ovh\/index.php\/mentions-legales\/\"]}]},{\"@type\":\"BreadcrumbList\",\"@id\":\"https:\/\/centresocialamilcarreghem.ovh\/index.php\/mentions-legales\/#breadcrumb\",\"itemListElement\":[{\"@type\":\"ListItem\",\"position\":1,\"name\":\"Accueil\",\"item\":\"https:\/\/centresocialamilcarreghem.ovh\/\"},{\"@type\":\"ListItem\",\"position\":2,\"name\":\"Mentions l\u00e9gales\"}]},{\"@type\":\"WebSite\",\"@id\":\"https:\/\/centresocialamilcarreghem.ovh\/#website\",\"url\":\"https:\/\/centresocialamilcarreghem.ovh\/\",\"name\":\"Centre Social et Culturel Amilcar Reghem\",\"description\":\"\",\"publisher\":{\"@id\":\"https:\/\/centresocialamilcarreghem.ovh\/#organization\"},\"potentialAction\":[{\"@type\":\"SearchAction\",\"target\":{\"@type\":\"EntryPoint\",\"urlTemplate\":\"https:\/\/centresocialamilcarreghem.ovh\/?s={search_term_string}\"},\"query-input\":{\"@type\":\"PropertyValueSpecification\",\"valueRequired\":true,\"valueName\":\"search_term_string\"}}],\"inLanguage\":\"fr-FR\"},{\"@type\":\"Organization\",\"@id\":\"https:\/\/centresocialamilcarreghem.ovh\/#organization\",\"name\":\"Centre Social et Culturel Amilcar Reghem\",\"url\":\"https:\/\/centresocialamilcarreghem.ovh\/\",\"logo\":{\"@type\":\"ImageObject\",\"inLanguage\":\"fr-FR\",\"@id\":\"https:\/\/centresocialamilcarreghem.ovh\/#\/schema\/logo\/image\/\",\"url\":\"https:\/\/centresocialamilcarreghem.ovh\/wp-content\/uploads\/2025\/05\/logo_centre_social.png\",\"contentUrl\":\"https:\/\/centresocialamilcarreghem.ovh\/wp-content\/uploads\/2025\/05\/logo_centre_social.png\",\"width\":500,\"height\":500,\"caption\":\"Centre Social et Culturel Amilcar Reghem\"},\"image\":{\"@id\":\"https:\/\/centresocialamilcarreghem.ovh\/#\/schema\/logo\/image\/\"},\"sameAs\":[\"https:\/\/www.facebook.com\/CentresocialAmilcarReghem\",\"https:\/\/www.instagram.com\/amilcarreghem\/\"]}]}<\/script>\n<!-- \/ Yoast SEO plugin. -->","yoast_head_json":{"title":"Mentions l\u00e9gales - Centre Social et Culturel Amilcar Reghem","robots":{"index":"noindex","follow":"nofollow"},"og_locale":"fr_FR","og_type":"article","og_title":"Mentions l\u00e9gales - Centre Social et Culturel Amilcar Reghem","og_description":"Pr\u00e9sentation g\u00e9n\u00e9ral Raison sociale : Centre Social Amilcar Reghem, Rue du Calvaire, 59920 Qui\u00e9vrechainT\u00e9l. 03 27 09 05 15mail : centresocialareghem@orange.frPropri\u00e9taire du site internet :&nbsp;Centre Social Amilcar Reghem H\u00e9bergeur et cr\u00e9ateur:&nbsp; OVH, Mary De Vos, Julien BoutelSi\u00e8ge social : Rue du CalvaireSiret : 39744808500019 1 \u2013 Conditions d\u2019utilisation du site Le centre social ci dessus d\u00e9nomm\u00e9e fournit ses services sous r\u00e9serve que vous vous engagiez \u00e0 respecter les pr\u00e9sentes conditions d\u2019utilisation que le centre social ci dessus d\u00e9nomm\u00e9e sera libre de modifier \u00e0 tout moment. 2 \u2013 Propri\u00e9t\u00e9 intellectuelle En accord avec les lois r\u00e9gissant la propri\u00e9t\u00e9 intellectuelle, la reproduction ou l\u2019utilisation des \u00e9l\u00e9ments se trouvant dans ce site Internet, en totalit\u00e9 ou en partie est strictement interdite. Seules sont maintenues les exceptions l\u00e9gales dont notamment la repr\u00e9sentation dans le cadre du cercle de famille, la copie priv\u00e9e ou le droit de courte citation. Ainsi, tous les textes, photos, logos, marques et autres \u00e9l\u00e9ments reproduits sur ce site sont r\u00e9serv\u00e9s et prot\u00e9g\u00e9s par le droit de la propri\u00e9t\u00e9 intellectuelle. (Droit auteur, droit voisin, droit des marques\u2026).Toute repr\u00e9sentation totale ou partielle de ce site par quelque proc\u00e9d\u00e9 que ce soit, sans l\u2019autorisation expresse de l\u2019exploitant du site Internet est interdite et constituerait une contrefa\u00e7on sanctionn\u00e9e par les articles L 335-2 et suivants du Code de la propri\u00e9t\u00e9 intellectuelle. 3 \u2013 Donn\u00e9es personnelles Le centre social&nbsp;s\u2019engage \u00e0 maintenir confidentielles les donn\u00e9es personnelles fournies par l\u2019utilisateur du site et \u00e0 ne pas les transf\u00e9rer \u00e0 d\u2019autres soci\u00e9t\u00e9s ou organismes. Le centre social s\u2019engage \u00e0 assurer \u00e0 toute personne qui en fera la demande un droit d\u2019acc\u00e8s, de rectification et de suppression des donn\u00e9es la concernant. 4 \u2013 Responsabilit\u00e9 Le centre social d\u00e9cline toute responsabilit\u00e9 pour les difficult\u00e9s rencontr\u00e9es lors de l\u2019acc\u00e8s \u00e0 son site ou pour toute d\u00e9faillance de communication. Le centre social se r\u00e9serve la possibilit\u00e9 de modifier, d\u2019interrompre temporairement ou de fa\u00e7on permanente, toute ou une partie du site, sans pr\u00e9avis ne pourra en aucun cas \u00eatre tenue pour responsable \u00e0 votre encontre ou \u00e0 l\u2019encontre d\u2019un tiers de toute modification, interruption ou suspension du site. 5 &#8211; Gestion des Cookies Politique de gestion des Cookies 6 &#8211; Ressources utilis\u00e9es Utilisateur ic\u00f4nes cr\u00e9\u00e9es par Vectors Market &#8211; Flaticon","og_url":"https:\/\/centresocialamilcarreghem.ovh\/index.php\/mentions-legales\/","og_site_name":"Centre Social et Culturel Amilcar Reghem","article_publisher":"https:\/\/www.facebook.com\/CentresocialAmilcarReghem","article_modified_time":"2025-06-02T07:06:25+00:00","twitter_card":"summary_large_image","twitter_misc":{"Dur\u00e9e de lecture estim\u00e9e":"2 minutes"},"schema":{"@context":"https:\/\/schema.org","@graph":[{"@type":"WebPage","@id":"https:\/\/centresocialamilcarreghem.ovh\/index.php\/mentions-legales\/","url":"https:\/\/centresocialamilcarreghem.ovh\/index.php\/mentions-legales\/","name":"Mentions l\u00e9gales - Centre Social et Culturel Amilcar Reghem","isPartOf":{"@id":"https:\/\/centresocialamilcarreghem.ovh\/#website"},"datePublished":"2025-05-15T14:24:14+00:00","dateModified":"2025-06-02T07:06:25+00:00","breadcrumb":{"@id":"https:\/\/centresocialamilcarreghem.ovh\/index.php\/mentions-legales\/#breadcrumb"},"inLanguage":"fr-FR","potentialAction":[{"@type":"ReadAction","target":["https:\/\/centresocialamilcarreghem.ovh\/index.php\/mentions-legales\/"]}]},{"@type":"BreadcrumbList","@id":"https:\/\/centresocialamilcarreghem.ovh\/index.php\/mentions-legales\/#breadcrumb","itemListElement":[{"@type":"ListItem","position":1,"name":"Accueil","item":"https:\/\/centresocialamilcarreghem.ovh\/"},{"@type":"ListItem","position":2,"name":"Mentions l\u00e9gales"}]},{"@type":"WebSite","@id":"https:\/\/centresocialamilcarreghem.ovh\/#website","url":"https:\/\/centresocialamilcarreghem.ovh\/","name":"Centre Social et Culturel Amilcar Reghem","description":"","publisher":{"@id":"https:\/\/centresocialamilcarreghem.ovh\/#organization"},"potentialAction":[{"@type":"SearchAction","target":{"@type":"EntryPoint","urlTemplate":"https:\/\/centresocialamilcarreghem.ovh\/?s={search_term_string}"},"query-input":{"@type":"PropertyValueSpecification","valueRequired":true,"valueName":"search_term_string"}}],"inLanguage":"fr-FR"},{"@type":"Organization","@id":"https:\/\/centresocialamilcarreghem.ovh\/#organization","name":"Centre Social et Culturel Amilcar Reghem","url":"https:\/\/centresocialamilcarreghem.ovh\/","logo":{"@type":"ImageObject","inLanguage":"fr-FR","@id":"https:\/\/centresocialamilcarreghem.ovh\/#\/schema\/logo\/image\/","url":"https:\/\/centresocialamilcarreghem.ovh\/wp-content\/uploads\/2025\/05\/logo_centre_social.png","contentUrl":"https:\/\/centresocialamilcarreghem.ovh\/wp-content\/uploads\/2025\/05\/logo_centre_social.png","width":500,"height":500,"caption":"Centre Social et Culturel Amilcar Reghem"},"image":{"@id":"https:\/\/centresocialamilcarreghem.ovh\/#\/schema\/logo\/image\/"},"sameAs":["https:\/\/www.facebook.com\/CentresocialAmilcarReghem","https:\/\/www.instagram.com\/amilcarreghem\/"]}]}},"_links":{"self":[{"href":"https:\/\/centresocialamilcarreghem.ovh\/index.php\/wp-json\/wp\/v2\/pages\/55","targetHints":{"allow":["GET"]}}],"collection":[{"href":"https:\/\/centresocialamilcarreghem.ovh\/index.php\/wp-json\/wp\/v2\/pages"}],"about":[{"href":"https:\/\/centresocialamilcarreghem.ovh\/index.php\/wp-json\/wp\/v2\/types\/page"}],"author":[{"embeddable":true,"href":"https:\/\/centresocialamilcarreghem.ovh\/index.php\/wp-json\/wp\/v2\/users\/1"}],"replies":[{"embeddable":true,"href":"https:\/\/centresocialamilcarreghem.ovh\/index.php\/wp-json\/wp\/v2\/comments?post=55"}],"version-history":[{"count":33,"href":"https:\/\/centresocialamilcarreghem.ovh\/index.php\/wp-json\/wp\/v2\/pages\/55\/revisions"}],"predecessor-version":[{"id":1268,"href":"https:\/\/centresocialamilcarreghem.ovh\/index.php\/wp-json\/wp\/v2\/pages\/55\/revisions\/1268"}],"wp:attachment":[{"href":"https:\/\/centresocialamilcarreghem.ovh\/index.php\/wp-json\/wp\/v2\/media?parent=55"}],"curies":[{"name":"wp","href":"https:\/\/api.w.org\/{rel}","templated":true}]}}