{"id":50,"date":"2025-05-15T16:23:23","date_gmt":"2025-05-15T14:23:23","guid":{"rendered":"https:\/\/centresocialamilcarreghem.ovh\/?page_id=50"},"modified":"2025-05-28T16:39:06","modified_gmt":"2025-05-28T14:39:06","slug":"espace-numerique","status":"publish","type":"page","link":"https:\/\/centresocialamilcarreghem.ovh\/index.php\/espace-numerique\/","title":{"rendered":"Espace num\u00e9rique"},"content":{"rendered":"\t\t<div data-elementor-type=\"wp-page\" data-elementor-id=\"50\" class=\"elementor elementor-50\">\n\t\t\t\t<div class=\"elementor-element elementor-element-6949057 e-con-full e-flex wpr-particle-no wpr-jarallax-no wpr-parallax-no wpr-sticky-section-no e-con e-parent\" data-id=\"6949057\" data-element_type=\"container\">\n\t\t<div class=\"elementor-element elementor-element-39905848 e-con-full e-flex wpr-particle-no wpr-jarallax-no wpr-parallax-no wpr-sticky-section-no e-con e-child\" data-id=\"39905848\" data-element_type=\"container\">\n\t\t\t\t<div class=\"elementor-element elementor-element-e93c62b elementor-widget elementor-widget-heading\" data-id=\"e93c62b\" data-element_type=\"widget\" data-widget_type=\"heading.default\">\n\t\t\t\t<div class=\"elementor-widget-container\">\n\t\t\t\t\t<h3 class=\"elementor-heading-title elementor-size-default\">Un acc\u00e8s au num\u00e9rique<\/h3>\t\t\t\t<\/div>\n\t\t\t\t<\/div>\n\t\t\t\t<div class=\"elementor-element elementor-element-752bb99d elementor-widget elementor-widget-text-editor\" data-id=\"752bb99d\" data-element_type=\"widget\" data-widget_type=\"text-editor.default\">\n\t\t\t\t<div class=\"elementor-widget-container\">\n\t\t\t\t\t\t\t\t\t<p>Le centre social met a disposition un espace num\u00e9rique accessible pour tous. Ce qui permet de s&rsquo;initier et se familiariser aux nouvelles technologies, faciliter l&rsquo;acc\u00e8s aux e-d\u00e9marches et d&rsquo;acc\u00e9der \u00e0 ses droits.<\/p><p>Des ordinateurs avec wifi sont \u00e0 votre disposition.<\/p><p>Pour cela, pas besoins de prendre rendez-vous.<\/p>\t\t\t\t\t\t\t\t<\/div>\n\t\t\t\t<\/div>\n\t\t\t\t<\/div>\n\t\t\t\t<div class=\"elementor-element elementor-element-62887f76 elementor-widget__width-initial elementor-widget elementor-widget-image\" data-id=\"62887f76\" data-element_type=\"widget\" data-widget_type=\"image.default\">\n\t\t\t\t<div class=\"elementor-widget-container\">\n\t\t\t\t\t\t\t\t\t\t\t\t\t\t\t<img decoding=\"async\" src=\"https:\/\/centresocialamilcarreghem.ovh\/wp-content\/uploads\/elementor\/thumbs\/image-cyberespace-2-scaled-r6wka545qje1kit7d53helzlwmwr21tdt55dkd255s.png\" title=\"image cyberespace 2\" alt=\"une image repr\u00e9sentant une personne travaillant sur un PC\" loading=\"lazy\" \/>\t\t\t\t\t\t\t\t\t\t\t\t\t\t\t<\/div>\n\t\t\t\t<\/div>\n\t\t\t\t<\/div>\n\t\t<div class=\"elementor-element elementor-element-e3af3ad e-con-full e-flex wpr-particle-no wpr-jarallax-no wpr-parallax-no wpr-sticky-section-no e-con e-parent\" data-id=\"e3af3ad\" data-element_type=\"container\">\n\t\t\t\t<div class=\"elementor-element elementor-element-28505a04 elementor-widget__width-initial elementor-widget elementor-widget-image\" data-id=\"28505a04\" data-element_type=\"widget\" data-widget_type=\"image.default\">\n\t\t\t\t<div class=\"elementor-widget-container\">\n\t\t\t\t\t\t\t\t\t\t\t\t\t\t\t<img decoding=\"async\" src=\"https:\/\/centresocialamilcarreghem.ovh\/wp-content\/uploads\/elementor\/thumbs\/image-cyberespace-1-r6wka2an61a6loxatlvlp4p84haneyi6sr6x4j6bog.png\" title=\"image cyberespace 1\" alt=\"une image repr\u00e9sentant une personne travaillant sur un PC\" loading=\"lazy\" \/>\t\t\t\t\t\t\t\t\t\t\t\t\t\t\t<\/div>\n\t\t\t\t<\/div>\n\t\t<div class=\"elementor-element elementor-element-6aa2f21a e-con-full e-flex wpr-particle-no wpr-jarallax-no wpr-parallax-no wpr-sticky-section-no e-con e-child\" data-id=\"6aa2f21a\" data-element_type=\"container\">\n\t\t\t\t<div class=\"elementor-element elementor-element-2349a488 elementor-widget elementor-widget-heading\" data-id=\"2349a488\" data-element_type=\"widget\" data-widget_type=\"heading.default\">\n\t\t\t\t<div class=\"elementor-widget-container\">\n\t\t\t\t\t<h3 class=\"elementor-heading-title elementor-size-default\">L'accueil<\/h3>\t\t\t\t<\/div>\n\t\t\t\t<\/div>\n\t\t\t\t<div class=\"elementor-element elementor-element-2b9418b5 elementor-widget elementor-widget-text-editor\" data-id=\"2b9418b5\" data-element_type=\"widget\" data-widget_type=\"text-editor.default\">\n\t\t\t\t<div class=\"elementor-widget-container\">\n\t\t\t\t\t\t\t\t\t<p style=\"overflow-wrap: break-word; color: #171616; font-family: Roboto, sans-serif; font-size: medium; font-style: normal; font-variant-ligatures: normal; font-variant-caps: normal; font-weight: 400;\">A l&rsquo;accueil vous avez la possibilit\u00e9 de faire vos photocopies.<\/p><p style=\"overflow-wrap: break-word; color: #171616; font-family: Roboto, sans-serif; font-size: medium; font-style: normal; font-variant-ligatures: normal; font-variant-caps: normal; font-weight: 400;\">&#8211; Une photocopie A4 en noir et blanc : 5 centimes<\/p><p style=\"overflow-wrap: break-word; color: #171616; font-family: Roboto, sans-serif; font-size: medium; font-style: normal; font-variant-ligatures: normal; font-variant-caps: normal; font-weight: 400;\">&#8211; Une photocopie A4 en couleur : 10 centimes<\/p><p>&#8230;<\/p><p style=\"overflow-wrap: break-word; color: #171616; font-family: Roboto, sans-serif; font-size: medium; font-style: normal; font-variant-ligatures: normal; font-variant-caps: normal; font-weight: 400;\">Et vous avez \u00e9galement la possibilit\u00e9 d&rsquo;avoir des aides administratifs, une orientation vers les partenaires ou un p\u00f4le d&rsquo;activit\u00e9 et d&rsquo;y faire des inscriptions \u00e0 nos activit\u00e9s et vos adh\u00e9sions.<\/p>\t\t\t\t\t\t\t\t<\/div>\n\t\t\t\t<\/div>\n\t\t\t\t<\/div>\n\t\t\t\t<\/div>\n\t\t\t\t<\/div>\n\t\t","protected":false},"excerpt":{"rendered":"<p>Un acc\u00e8s au num\u00e9rique Le centre social met a disposition un espace num\u00e9rique accessible pour tous. Ce qui permet de s&rsquo;initier et se familiariser aux nouvelles technologies, faciliter l&rsquo;acc\u00e8s aux e-d\u00e9marches et d&rsquo;acc\u00e9der \u00e0 ses droits. Des ordinateurs avec wifi sont \u00e0 votre disposition. Pour cela, pas besoins de prendre rendez-vous. L&rsquo;accueil A l&rsquo;accueil vous avez la possibilit\u00e9 de faire vos photocopies. &#8211; Une photocopie A4 en noir et blanc : 5 centimes &#8211; Une photocopie A4 en couleur : 10 centimes &#8230; Et vous avez \u00e9galement la possibilit\u00e9 d&rsquo;avoir des aides administratifs, une orientation vers les partenaires ou un p\u00f4le d&rsquo;activit\u00e9 et d&rsquo;y faire des inscriptions \u00e0 nos activit\u00e9s et vos adh\u00e9sions.<\/p>\n","protected":false},"author":1,"featured_media":0,"parent":0,"menu_order":0,"comment_status":"closed","ping_status":"closed","template":"","meta":{"footnotes":""},"class_list":["post-50","page","type-page","status-publish","hentry","entry"],"yoast_head":"<!-- This site is optimized with the Yoast SEO plugin v26.6 - https:\/\/yoast.com\/wordpress\/plugins\/seo\/ -->\n<title>Espace num\u00e9rique - Centre Social et Culturel Amilcar Reghem<\/title>\n<meta name=\"description\" content=\"Besoin d&#039;aide pour de l&#039;administratif, \u00e9crire un CV, une Lettre de motivation, ou juste utiliser un PC, venez dans notre Espace num\u00e9rique\" \/>\n<meta name=\"robots\" content=\"noindex, follow, max-snippet:-1, max-image-preview:large, max-video-preview:-1\" \/>\n<meta property=\"og:locale\" content=\"fr_FR\" \/>\n<meta property=\"og:type\" content=\"article\" \/>\n<meta property=\"og:title\" content=\"Espace num\u00e9rique - Centre Social et Culturel Amilcar Reghem\" \/>\n<meta property=\"og:description\" content=\"Besoin d&#039;aide pour de l&#039;administratif, \u00e9crire un CV, une Lettre de motivation, ou juste utiliser un PC, venez dans notre Espace num\u00e9rique\" \/>\n<meta property=\"og:url\" content=\"https:\/\/centresocialamilcarreghem.ovh\/index.php\/espace-numerique\/\" \/>\n<meta property=\"og:site_name\" content=\"Centre Social et Culturel Amilcar Reghem\" \/>\n<meta property=\"article:publisher\" content=\"https:\/\/www.facebook.com\/CentresocialAmilcarReghem\" \/>\n<meta property=\"article:modified_time\" content=\"2025-05-28T14:39:06+00:00\" \/>\n<meta property=\"og:image\" content=\"https:\/\/centresocialamilcarreghem.ovh\/wp-content\/uploads\/elementor\/thumbs\/image-cyberespace-2-scaled-r680t53k24qputck896o3hphq5pik863108gfanfds.png\" \/>\n<meta name=\"twitter:card\" content=\"summary_large_image\" \/>\n<meta name=\"twitter:label1\" content=\"Dur\u00e9e de lecture estim\u00e9e\" \/>\n\t<meta name=\"twitter:data1\" content=\"1 minute\" \/>\n<script type=\"application\/ld+json\" class=\"yoast-schema-graph\">{\"@context\":\"https:\/\/schema.org\",\"@graph\":[{\"@type\":\"WebPage\",\"@id\":\"https:\/\/centresocialamilcarreghem.ovh\/index.php\/espace-numerique\/\",\"url\":\"https:\/\/centresocialamilcarreghem.ovh\/index.php\/espace-numerique\/\",\"name\":\"Espace num\u00e9rique - Centre Social et Culturel Amilcar Reghem\",\"isPartOf\":{\"@id\":\"https:\/\/centresocialamilcarreghem.ovh\/#website\"},\"primaryImageOfPage\":{\"@id\":\"https:\/\/centresocialamilcarreghem.ovh\/index.php\/espace-numerique\/#primaryimage\"},\"image\":{\"@id\":\"https:\/\/centresocialamilcarreghem.ovh\/index.php\/espace-numerique\/#primaryimage\"},\"thumbnailUrl\":\"https:\/\/centresocialamilcarreghem.ovh\/wp-content\/uploads\/elementor\/thumbs\/image-cyberespace-2-scaled-r680t53k24qputck896o3hphq5pik863108gfanfds.png\",\"datePublished\":\"2025-05-15T14:23:23+00:00\",\"dateModified\":\"2025-05-28T14:39:06+00:00\",\"description\":\"Besoin d'aide pour de l'administratif, \u00e9crire un CV, une Lettre de motivation, ou juste utiliser un PC, venez dans notre Espace num\u00e9rique\",\"breadcrumb\":{\"@id\":\"https:\/\/centresocialamilcarreghem.ovh\/index.php\/espace-numerique\/#breadcrumb\"},\"inLanguage\":\"fr-FR\",\"potentialAction\":[{\"@type\":\"ReadAction\",\"target\":[\"https:\/\/centresocialamilcarreghem.ovh\/index.php\/espace-numerique\/\"]}]},{\"@type\":\"ImageObject\",\"inLanguage\":\"fr-FR\",\"@id\":\"https:\/\/centresocialamilcarreghem.ovh\/index.php\/espace-numerique\/#primaryimage\",\"url\":\"https:\/\/centresocialamilcarreghem.ovh\/wp-content\/uploads\/elementor\/thumbs\/image-cyberespace-2-scaled-r680t53k24qputck896o3hphq5pik863108gfanfds.png\",\"contentUrl\":\"https:\/\/centresocialamilcarreghem.ovh\/wp-content\/uploads\/elementor\/thumbs\/image-cyberespace-2-scaled-r680t53k24qputck896o3hphq5pik863108gfanfds.png\"},{\"@type\":\"BreadcrumbList\",\"@id\":\"https:\/\/centresocialamilcarreghem.ovh\/index.php\/espace-numerique\/#breadcrumb\",\"itemListElement\":[{\"@type\":\"ListItem\",\"position\":1,\"name\":\"Accueil\",\"item\":\"https:\/\/centresocialamilcarreghem.ovh\/\"},{\"@type\":\"ListItem\",\"position\":2,\"name\":\"Espace num\u00e9rique\"}]},{\"@type\":\"WebSite\",\"@id\":\"https:\/\/centresocialamilcarreghem.ovh\/#website\",\"url\":\"https:\/\/centresocialamilcarreghem.ovh\/\",\"name\":\"Centre Social et Culturel Amilcar Reghem\",\"description\":\"\",\"publisher\":{\"@id\":\"https:\/\/centresocialamilcarreghem.ovh\/#organization\"},\"potentialAction\":[{\"@type\":\"SearchAction\",\"target\":{\"@type\":\"EntryPoint\",\"urlTemplate\":\"https:\/\/centresocialamilcarreghem.ovh\/?s={search_term_string}\"},\"query-input\":{\"@type\":\"PropertyValueSpecification\",\"valueRequired\":true,\"valueName\":\"search_term_string\"}}],\"inLanguage\":\"fr-FR\"},{\"@type\":\"Organization\",\"@id\":\"https:\/\/centresocialamilcarreghem.ovh\/#organization\",\"name\":\"Centre Social et Culturel Amilcar Reghem\",\"url\":\"https:\/\/centresocialamilcarreghem.ovh\/\",\"logo\":{\"@type\":\"ImageObject\",\"inLanguage\":\"fr-FR\",\"@id\":\"https:\/\/centresocialamilcarreghem.ovh\/#\/schema\/logo\/image\/\",\"url\":\"https:\/\/centresocialamilcarreghem.ovh\/wp-content\/uploads\/2025\/05\/logo_centre_social.png\",\"contentUrl\":\"https:\/\/centresocialamilcarreghem.ovh\/wp-content\/uploads\/2025\/05\/logo_centre_social.png\",\"width\":500,\"height\":500,\"caption\":\"Centre Social et Culturel Amilcar Reghem\"},\"image\":{\"@id\":\"https:\/\/centresocialamilcarreghem.ovh\/#\/schema\/logo\/image\/\"},\"sameAs\":[\"https:\/\/www.facebook.com\/CentresocialAmilcarReghem\",\"https:\/\/www.instagram.com\/amilcarreghem\/\"]}]}<\/script>\n<!-- \/ Yoast SEO plugin. -->","yoast_head_json":{"title":"Espace num\u00e9rique - Centre Social et Culturel Amilcar Reghem","description":"Besoin d'aide pour de l'administratif, \u00e9crire un CV, une Lettre de motivation, ou juste utiliser un PC, venez dans notre Espace num\u00e9rique","robots":{"index":"noindex","follow":"follow","max-snippet":"max-snippet:-1","max-image-preview":"max-image-preview:large","max-video-preview":"max-video-preview:-1"},"og_locale":"fr_FR","og_type":"article","og_title":"Espace num\u00e9rique - Centre Social et Culturel Amilcar Reghem","og_description":"Besoin d'aide pour de l'administratif, \u00e9crire un CV, une Lettre de motivation, ou juste utiliser un PC, venez dans notre Espace num\u00e9rique","og_url":"https:\/\/centresocialamilcarreghem.ovh\/index.php\/espace-numerique\/","og_site_name":"Centre Social et Culturel Amilcar Reghem","article_publisher":"https:\/\/www.facebook.com\/CentresocialAmilcarReghem","article_modified_time":"2025-05-28T14:39:06+00:00","og_image":[{"url":"https:\/\/centresocialamilcarreghem.ovh\/wp-content\/uploads\/elementor\/thumbs\/image-cyberespace-2-scaled-r680t53k24qputck896o3hphq5pik863108gfanfds.png","type":"","width":"","height":""}],"twitter_card":"summary_large_image","twitter_misc":{"Dur\u00e9e de lecture estim\u00e9e":"1 minute"},"schema":{"@context":"https:\/\/schema.org","@graph":[{"@type":"WebPage","@id":"https:\/\/centresocialamilcarreghem.ovh\/index.php\/espace-numerique\/","url":"https:\/\/centresocialamilcarreghem.ovh\/index.php\/espace-numerique\/","name":"Espace num\u00e9rique - Centre Social et Culturel Amilcar Reghem","isPartOf":{"@id":"https:\/\/centresocialamilcarreghem.ovh\/#website"},"primaryImageOfPage":{"@id":"https:\/\/centresocialamilcarreghem.ovh\/index.php\/espace-numerique\/#primaryimage"},"image":{"@id":"https:\/\/centresocialamilcarreghem.ovh\/index.php\/espace-numerique\/#primaryimage"},"thumbnailUrl":"https:\/\/centresocialamilcarreghem.ovh\/wp-content\/uploads\/elementor\/thumbs\/image-cyberespace-2-scaled-r680t53k24qputck896o3hphq5pik863108gfanfds.png","datePublished":"2025-05-15T14:23:23+00:00","dateModified":"2025-05-28T14:39:06+00:00","description":"Besoin d'aide pour de l'administratif, \u00e9crire un CV, une Lettre de motivation, ou juste utiliser un PC, venez dans notre Espace num\u00e9rique","breadcrumb":{"@id":"https:\/\/centresocialamilcarreghem.ovh\/index.php\/espace-numerique\/#breadcrumb"},"inLanguage":"fr-FR","potentialAction":[{"@type":"ReadAction","target":["https:\/\/centresocialamilcarreghem.ovh\/index.php\/espace-numerique\/"]}]},{"@type":"ImageObject","inLanguage":"fr-FR","@id":"https:\/\/centresocialamilcarreghem.ovh\/index.php\/espace-numerique\/#primaryimage","url":"https:\/\/centresocialamilcarreghem.ovh\/wp-content\/uploads\/elementor\/thumbs\/image-cyberespace-2-scaled-r680t53k24qputck896o3hphq5pik863108gfanfds.png","contentUrl":"https:\/\/centresocialamilcarreghem.ovh\/wp-content\/uploads\/elementor\/thumbs\/image-cyberespace-2-scaled-r680t53k24qputck896o3hphq5pik863108gfanfds.png"},{"@type":"BreadcrumbList","@id":"https:\/\/centresocialamilcarreghem.ovh\/index.php\/espace-numerique\/#breadcrumb","itemListElement":[{"@type":"ListItem","position":1,"name":"Accueil","item":"https:\/\/centresocialamilcarreghem.ovh\/"},{"@type":"ListItem","position":2,"name":"Espace num\u00e9rique"}]},{"@type":"WebSite","@id":"https:\/\/centresocialamilcarreghem.ovh\/#website","url":"https:\/\/centresocialamilcarreghem.ovh\/","name":"Centre Social et Culturel Amilcar Reghem","description":"","publisher":{"@id":"https:\/\/centresocialamilcarreghem.ovh\/#organization"},"potentialAction":[{"@type":"SearchAction","target":{"@type":"EntryPoint","urlTemplate":"https:\/\/centresocialamilcarreghem.ovh\/?s={search_term_string}"},"query-input":{"@type":"PropertyValueSpecification","valueRequired":true,"valueName":"search_term_string"}}],"inLanguage":"fr-FR"},{"@type":"Organization","@id":"https:\/\/centresocialamilcarreghem.ovh\/#organization","name":"Centre Social et Culturel Amilcar Reghem","url":"https:\/\/centresocialamilcarreghem.ovh\/","logo":{"@type":"ImageObject","inLanguage":"fr-FR","@id":"https:\/\/centresocialamilcarreghem.ovh\/#\/schema\/logo\/image\/","url":"https:\/\/centresocialamilcarreghem.ovh\/wp-content\/uploads\/2025\/05\/logo_centre_social.png","contentUrl":"https:\/\/centresocialamilcarreghem.ovh\/wp-content\/uploads\/2025\/05\/logo_centre_social.png","width":500,"height":500,"caption":"Centre Social et Culturel Amilcar Reghem"},"image":{"@id":"https:\/\/centresocialamilcarreghem.ovh\/#\/schema\/logo\/image\/"},"sameAs":["https:\/\/www.facebook.com\/CentresocialAmilcarReghem","https:\/\/www.instagram.com\/amilcarreghem\/"]}]}},"_links":{"self":[{"href":"https:\/\/centresocialamilcarreghem.ovh\/index.php\/wp-json\/wp\/v2\/pages\/50","targetHints":{"allow":["GET"]}}],"collection":[{"href":"https:\/\/centresocialamilcarreghem.ovh\/index.php\/wp-json\/wp\/v2\/pages"}],"about":[{"href":"https:\/\/centresocialamilcarreghem.ovh\/index.php\/wp-json\/wp\/v2\/types\/page"}],"author":[{"embeddable":true,"href":"https:\/\/centresocialamilcarreghem.ovh\/index.php\/wp-json\/wp\/v2\/users\/1"}],"replies":[{"embeddable":true,"href":"https:\/\/centresocialamilcarreghem.ovh\/index.php\/wp-json\/wp\/v2\/comments?post=50"}],"version-history":[{"count":42,"href":"https:\/\/centresocialamilcarreghem.ovh\/index.php\/wp-json\/wp\/v2\/pages\/50\/revisions"}],"predecessor-version":[{"id":1225,"href":"https:\/\/centresocialamilcarreghem.ovh\/index.php\/wp-json\/wp\/v2\/pages\/50\/revisions\/1225"}],"wp:attachment":[{"href":"https:\/\/centresocialamilcarreghem.ovh\/index.php\/wp-json\/wp\/v2\/media?parent=50"}],"curies":[{"name":"wp","href":"https:\/\/api.w.org\/{rel}","templated":true}]}}