{"id":419,"date":"2025-05-20T11:23:00","date_gmt":"2025-05-20T09:23:00","guid":{"rendered":"https:\/\/centresocialamilcarreghem.ovh\/?page_id=419"},"modified":"2025-05-27T16:36:45","modified_gmt":"2025-05-27T14:36:45","slug":"pole-parentalite-et-familles","status":"publish","type":"page","link":"https:\/\/centresocialamilcarreghem.ovh\/index.php\/pole-parentalite-et-familles\/","title":{"rendered":"P\u00f4le Adultes et Familles"},"content":{"rendered":"\t\t<div data-elementor-type=\"wp-page\" data-elementor-id=\"419\" class=\"elementor elementor-419\">\n\t\t\t\t<div class=\"elementor-element elementor-element-023b08c e-con-full e-flex wpr-particle-no wpr-jarallax-no wpr-parallax-no wpr-sticky-section-no e-con e-parent\" data-id=\"023b08c\" data-element_type=\"container\">\n\t\t<div class=\"elementor-element elementor-element-4f8e587 e-con-full e-flex wpr-particle-no wpr-jarallax-no wpr-parallax-no wpr-sticky-section-no e-con e-child\" data-id=\"4f8e587\" data-element_type=\"container\">\n\t\t\t\t<div class=\"elementor-element elementor-element-7f9e180 elementor-widget elementor-widget-heading\" data-id=\"7f9e180\" data-element_type=\"widget\" data-widget_type=\"heading.default\">\n\t\t\t\t<div class=\"elementor-widget-container\">\n\t\t\t\t\t<h3 class=\"elementor-heading-title elementor-size-default\">Parentalit\u00e9<\/h3>\t\t\t\t<\/div>\n\t\t\t\t<\/div>\n\t\t\t\t<div class=\"elementor-element elementor-element-bdb4731 elementor-widget elementor-widget-text-editor\" data-id=\"bdb4731\" data-element_type=\"widget\" data-widget_type=\"text-editor.default\">\n\t\t\t\t<div class=\"elementor-widget-container\">\n\t\t\t\t\t\t\t\t\t<p>Tous les parents ont besoin de savoir qu\u2019ils ne sont pas seuls. Des interrogations peuvent appara\u00eetre aux cours des diff\u00e9rentes \u00e9tapes du d\u00e9veloppement de leur enfant. Parfois on peut \u00eatre envahi de doutes et d\u2019incertitudes et mettre en cause nos capacit\u00e9s, nos comp\u00e9tences, d\u2019autant plus qu\u2019il n\u2019existe aucun mode d\u2019emploi pour devenir ou \u00eatre parent ! On peut aussi avoir juste envie\u00a0<b>d\u2019\u00e9changer<\/b>\u00a0avec d\u2019autres parents, pour\u00a0<b>s\u2019enrichir<\/b>\u00a0et\u00a0<b>se<\/b>\u00a0<b>renouveler<\/b>\u00a0!<\/p><p>Une fois par moi\u00a0<b>le<\/b>\u00a0<b>caf\u00e9 des parents<\/b>\u00a0est organis\u00e9 dans les \u00e9coles de Quievrechain.<\/p>\t\t\t\t\t\t\t\t<\/div>\n\t\t\t\t<\/div>\n\t\t\t\t<\/div>\n\t\t\t\t<div class=\"elementor-element elementor-element-e81eaef elementor-widget__width-initial elementor-widget elementor-widget-image\" data-id=\"e81eaef\" data-element_type=\"widget\" data-widget_type=\"image.default\">\n\t\t\t\t<div class=\"elementor-widget-container\">\n\t\t\t\t\t\t\t\t\t\t\t\t\t\t\t<img fetchpriority=\"high\" decoding=\"async\" width=\"2000\" height=\"1414\" src=\"https:\/\/centresocialamilcarreghem.ovh\/wp-content\/uploads\/2025\/05\/Puzzle-Adultes-familles.png\" class=\"attachment-full size-full wp-image-879\" alt=\"Puzzle repr\u00e9sentant les activit\u00e9s du p\u00f4le adultes \/ familles\" srcset=\"https:\/\/centresocialamilcarreghem.ovh\/wp-content\/uploads\/2025\/05\/Puzzle-Adultes-familles.png 2000w, https:\/\/centresocialamilcarreghem.ovh\/wp-content\/uploads\/2025\/05\/Puzzle-Adultes-familles-300x212.png 300w, https:\/\/centresocialamilcarreghem.ovh\/wp-content\/uploads\/2025\/05\/Puzzle-Adultes-familles-1024x724.png 1024w, https:\/\/centresocialamilcarreghem.ovh\/wp-content\/uploads\/2025\/05\/Puzzle-Adultes-familles-768x543.png 768w, https:\/\/centresocialamilcarreghem.ovh\/wp-content\/uploads\/2025\/05\/Puzzle-Adultes-familles-1536x1086.png 1536w\" sizes=\"(max-width: 2000px) 100vw, 2000px\" \/>\t\t\t\t\t\t\t\t\t\t\t\t\t\t\t<\/div>\n\t\t\t\t<\/div>\n\t\t\t\t<\/div>\n\t\t<div class=\"elementor-element elementor-element-50690a8 e-con-full e-flex wpr-particle-no wpr-jarallax-no wpr-parallax-no wpr-sticky-section-no e-con e-parent\" data-id=\"50690a8\" data-element_type=\"container\">\n\t\t\t\t<div class=\"elementor-element elementor-element-8d0720f elementor-widget__width-inherit elementor-widget elementor-widget-image\" data-id=\"8d0720f\" data-element_type=\"widget\" data-widget_type=\"image.default\">\n\t\t\t\t<div class=\"elementor-widget-container\">\n\t\t\t\t\t\t\t\t\t\t\t\t\t\t\t<img decoding=\"async\" src=\"https:\/\/centresocialamilcarreghem.ovh\/wp-content\/uploads\/elementor\/thumbs\/image-famille-1-r6wk9zh5tdyr8v74oziw3q97dnw6fmepo5tmu3rq88.png\" title=\"image famille\" alt=\"Une image d&#039;une famille mains dans la mains\" loading=\"lazy\" \/>\t\t\t\t\t\t\t\t\t\t\t\t\t\t\t<\/div>\n\t\t\t\t<\/div>\n\t\t<div class=\"elementor-element elementor-element-b2b099d e-con-full e-flex wpr-particle-no wpr-jarallax-no wpr-parallax-no wpr-sticky-section-no e-con e-child\" data-id=\"b2b099d\" data-element_type=\"container\">\n\t\t\t\t<div class=\"elementor-element elementor-element-05a1e61 elementor-widget elementor-widget-heading\" data-id=\"05a1e61\" data-element_type=\"widget\" data-widget_type=\"heading.default\">\n\t\t\t\t<div class=\"elementor-widget-container\">\n\t\t\t\t\t<h3 class=\"elementor-heading-title elementor-size-default\">Familles<\/h3>\t\t\t\t<\/div>\n\t\t\t\t<\/div>\n\t\t\t\t<div class=\"elementor-element elementor-element-47166f3 elementor-widget elementor-widget-text-editor\" data-id=\"47166f3\" data-element_type=\"widget\" data-widget_type=\"text-editor.default\">\n\t\t\t\t<div class=\"elementor-widget-container\">\n\t\t\t\t\t\t\t\t\t<p>Le<b>\u00a0baby \u00e9veil<\/b>\u00a0vise \u00e0 offrir aux tout-petits un environnement favorable \u00e0 leur d\u00e9veloppement, en prenant en compte leurs besoins sp\u00e9cifiques et en favorisant leur \u00e9panouissement. Elle stimule le d\u00e9veloppement des tout-petits, en particulier des b\u00e9b\u00e9s, en utilisant des activit\u00e9s adapt\u00e9es \u00e0 leur \u00e2ge (de 3 ans jusqu\u2019a la scolarisation).<\/p><p>Des\u00a0<b>sorties familiales et culturelles<\/b>\u00a0qui permettent de passer du temps ensemble.<\/p><p>Des\u00a0<b>ateliers parents enfants<\/b>\u00a0sont organis\u00e9 les vendredis de la veille des petites vacances.<\/p><p>La\u00a0<b>sensibilisation du num\u00e9rique<\/b>\u00a0est essentielle pour garantir un environnement num\u00e9rique s\u00fbr et \u00e9quilibr\u00e9.<\/p>\t\t\t\t\t\t\t\t<\/div>\n\t\t\t\t<\/div>\n\t\t\t\t<\/div>\n\t\t\t\t<\/div>\n\t\t<div class=\"elementor-element elementor-element-725bd9d e-flex e-con-boxed wpr-particle-no wpr-jarallax-no wpr-parallax-no wpr-sticky-section-no e-con e-parent\" data-id=\"725bd9d\" data-element_type=\"container\">\n\t\t\t\t\t<div class=\"e-con-inner\">\n\t\t\t\t<div class=\"elementor-element elementor-element-643d29d elementor-widget elementor-widget-text-editor\" data-id=\"643d29d\" data-element_type=\"widget\" data-widget_type=\"text-editor.default\">\n\t\t\t\t<div class=\"elementor-widget-container\">\n\t\t\t\t\t\t\t\t\t<p>Retrouvez la fiche d&rsquo;inscription.<\/p>\t\t\t\t\t\t\t\t<\/div>\n\t\t\t\t<\/div>\n\t\t\t\t<div class=\"elementor-element elementor-element-438d3c7 elementor-view-default elementor-widget elementor-widget-icon\" data-id=\"438d3c7\" data-element_type=\"widget\" data-widget_type=\"icon.default\">\n\t\t\t\t<div class=\"elementor-widget-container\">\n\t\t\t\t\t\t\t<div class=\"elementor-icon-wrapper\">\n\t\t\t<a class=\"elementor-icon elementor-animation-grow\" href=\"https:\/\/centresocialamilcarreghem.ovh\/wp-content\/uploads\/2025\/05\/fiche-adhesion.pdf\">\n\t\t\t<svg aria-hidden=\"true\" class=\"e-font-icon-svg e-fas-file-medical-alt\" viewBox=\"0 0 448 512\" xmlns=\"http:\/\/www.w3.org\/2000\/svg\"><path d=\"M288 136V0H88C74.7 0 64 10.7 64 24v232H8c-4.4 0-8 3.6-8 8v16c0 4.4 3.6 8 8 8h140.9c3 0 5.8 1.7 7.2 4.4l19.9 39.8 56.8-113.7c2.9-5.9 11.4-5.9 14.3 0l34.7 69.5H352c8.8 0 16 7.2 16 16s-7.2 16-16 16h-89.9L240 275.8l-56.8 113.7c-2.9 5.9-11.4 5.9-14.3 0L134.1 320H64v168c0 13.3 10.7 24 24 24h336c13.3 0 24-10.7 24-24V160H312c-13.2 0-24-10.8-24-24zm153-31L343.1 7c-4.5-4.5-10.6-7-17-7H320v128h128v-6.1c0-6.3-2.5-12.4-7-16.9z\"><\/path><\/svg>\t\t\t<\/a>\n\t\t<\/div>\n\t\t\t\t\t\t<\/div>\n\t\t\t\t<\/div>\n\t\t\t\t\t<\/div>\n\t\t\t\t<\/div>\n\t\t\t\t<\/div>\n\t\t","protected":false},"excerpt":{"rendered":"<p>Parentalit\u00e9 Tous les parents ont besoin de savoir qu\u2019ils ne sont pas seuls. Des interrogations peuvent appara\u00eetre aux cours des diff\u00e9rentes \u00e9tapes du d\u00e9veloppement de leur enfant. Parfois on peut \u00eatre envahi de doutes et d\u2019incertitudes et mettre en cause nos capacit\u00e9s, nos comp\u00e9tences, d\u2019autant plus qu\u2019il n\u2019existe aucun mode d\u2019emploi pour devenir ou \u00eatre parent ! On peut aussi avoir juste envie\u00a0d\u2019\u00e9changer\u00a0avec d\u2019autres parents, pour\u00a0s\u2019enrichir\u00a0et\u00a0se\u00a0renouveler\u00a0! Une fois par moi\u00a0le\u00a0caf\u00e9 des parents\u00a0est organis\u00e9 dans les \u00e9coles de Quievrechain. Familles Le\u00a0baby \u00e9veil\u00a0vise \u00e0 offrir aux tout-petits un environnement favorable \u00e0 leur d\u00e9veloppement, en prenant en compte leurs besoins sp\u00e9cifiques et en favorisant leur \u00e9panouissement. Elle stimule le d\u00e9veloppement des tout-petits, en particulier des b\u00e9b\u00e9s, en utilisant des activit\u00e9s adapt\u00e9es \u00e0 leur \u00e2ge (de 3 ans jusqu\u2019a la scolarisation). Des\u00a0sorties familiales et culturelles\u00a0qui permettent de passer du temps ensemble. Des\u00a0ateliers parents enfants\u00a0sont organis\u00e9 les vendredis de la veille des petites vacances. La\u00a0sensibilisation du num\u00e9rique\u00a0est essentielle pour garantir un environnement num\u00e9rique s\u00fbr et \u00e9quilibr\u00e9. Retrouvez la fiche d&rsquo;inscription.<\/p>\n","protected":false},"author":1,"featured_media":0,"parent":0,"menu_order":0,"comment_status":"closed","ping_status":"closed","template":"elementor_header_footer","meta":{"footnotes":""},"class_list":["post-419","page","type-page","status-publish","hentry","entry"],"yoast_head":"<!-- This site is optimized with the Yoast SEO plugin v26.6 - https:\/\/yoast.com\/wordpress\/plugins\/seo\/ -->\n<title>P\u00f4le Adultes et Familles - Centre Social et Culturel Amilcar Reghem - Qui\u00e9vrechain<\/title>\n<meta name=\"description\" content=\"Venez d\u00e9couvrir notre Pole Adultes et Familles, les ateliers, les animations, tout ce qui est mit en place par notre centre.\" \/>\n<meta name=\"robots\" content=\"noindex, follow, max-snippet:-1, max-image-preview:large, max-video-preview:-1\" \/>\n<meta property=\"og:locale\" content=\"fr_FR\" \/>\n<meta property=\"og:type\" content=\"article\" \/>\n<meta property=\"og:title\" content=\"P\u00f4le Adultes et Familles - Centre Social et Culturel Amilcar Reghem - Qui\u00e9vrechain\" \/>\n<meta property=\"og:description\" content=\"Venez d\u00e9couvrir notre Pole Adultes et Familles, les ateliers, les animations, tout ce qui est mit en place par notre centre.\" \/>\n<meta property=\"og:url\" content=\"https:\/\/centresocialamilcarreghem.ovh\/index.php\/pole-parentalite-et-familles\/\" \/>\n<meta property=\"og:site_name\" content=\"Centre Social et Culturel Amilcar Reghem\" \/>\n<meta property=\"article:publisher\" content=\"https:\/\/www.facebook.com\/CentresocialAmilcarReghem\" \/>\n<meta property=\"article:modified_time\" content=\"2025-05-27T14:36:45+00:00\" \/>\n<meta property=\"og:image\" content=\"https:\/\/centresocialamilcarreghem.ovh\/wp-content\/uploads\/2025\/05\/Puzzle-Adultes-familles.png\" \/>\n\t<meta property=\"og:image:width\" content=\"2000\" \/>\n\t<meta property=\"og:image:height\" content=\"1414\" \/>\n\t<meta property=\"og:image:type\" content=\"image\/png\" \/>\n<meta name=\"twitter:card\" content=\"summary_large_image\" \/>\n<meta name=\"twitter:label1\" content=\"Dur\u00e9e de lecture estim\u00e9e\" \/>\n\t<meta name=\"twitter:data1\" content=\"2 minutes\" \/>\n<script type=\"application\/ld+json\" class=\"yoast-schema-graph\">{\"@context\":\"https:\/\/schema.org\",\"@graph\":[{\"@type\":\"WebPage\",\"@id\":\"https:\/\/centresocialamilcarreghem.ovh\/index.php\/pole-parentalite-et-familles\/\",\"url\":\"https:\/\/centresocialamilcarreghem.ovh\/index.php\/pole-parentalite-et-familles\/\",\"name\":\"P\u00f4le Adultes et Familles - Centre Social et Culturel Amilcar Reghem - Qui\u00e9vrechain\",\"isPartOf\":{\"@id\":\"https:\/\/centresocialamilcarreghem.ovh\/#website\"},\"primaryImageOfPage\":{\"@id\":\"https:\/\/centresocialamilcarreghem.ovh\/index.php\/pole-parentalite-et-familles\/#primaryimage\"},\"image\":{\"@id\":\"https:\/\/centresocialamilcarreghem.ovh\/index.php\/pole-parentalite-et-familles\/#primaryimage\"},\"thumbnailUrl\":\"https:\/\/centresocialamilcarreghem.ovh\/wp-content\/uploads\/2025\/05\/Puzzle-Adultes-familles.png\",\"datePublished\":\"2025-05-20T09:23:00+00:00\",\"dateModified\":\"2025-05-27T14:36:45+00:00\",\"description\":\"Venez d\u00e9couvrir notre Pole Adultes et Familles, les ateliers, les animations, tout ce qui est mit en place par notre centre.\",\"breadcrumb\":{\"@id\":\"https:\/\/centresocialamilcarreghem.ovh\/index.php\/pole-parentalite-et-familles\/#breadcrumb\"},\"inLanguage\":\"fr-FR\",\"potentialAction\":[{\"@type\":\"ReadAction\",\"target\":[\"https:\/\/centresocialamilcarreghem.ovh\/index.php\/pole-parentalite-et-familles\/\"]}]},{\"@type\":\"ImageObject\",\"inLanguage\":\"fr-FR\",\"@id\":\"https:\/\/centresocialamilcarreghem.ovh\/index.php\/pole-parentalite-et-familles\/#primaryimage\",\"url\":\"https:\/\/centresocialamilcarreghem.ovh\/wp-content\/uploads\/2025\/05\/Puzzle-Adultes-familles.png\",\"contentUrl\":\"https:\/\/centresocialamilcarreghem.ovh\/wp-content\/uploads\/2025\/05\/Puzzle-Adultes-familles.png\",\"width\":2000,\"height\":1414,\"caption\":\"Puzzle repr\u00e9sentant les activit\u00e9s du p\u00f4le adultes \/ familles\"},{\"@type\":\"BreadcrumbList\",\"@id\":\"https:\/\/centresocialamilcarreghem.ovh\/index.php\/pole-parentalite-et-familles\/#breadcrumb\",\"itemListElement\":[{\"@type\":\"ListItem\",\"position\":1,\"name\":\"Accueil\",\"item\":\"https:\/\/centresocialamilcarreghem.ovh\/\"},{\"@type\":\"ListItem\",\"position\":2,\"name\":\"P\u00f4le Adultes et Familles\"}]},{\"@type\":\"WebSite\",\"@id\":\"https:\/\/centresocialamilcarreghem.ovh\/#website\",\"url\":\"https:\/\/centresocialamilcarreghem.ovh\/\",\"name\":\"Centre Social et Culturel Amilcar Reghem\",\"description\":\"\",\"publisher\":{\"@id\":\"https:\/\/centresocialamilcarreghem.ovh\/#organization\"},\"potentialAction\":[{\"@type\":\"SearchAction\",\"target\":{\"@type\":\"EntryPoint\",\"urlTemplate\":\"https:\/\/centresocialamilcarreghem.ovh\/?s={search_term_string}\"},\"query-input\":{\"@type\":\"PropertyValueSpecification\",\"valueRequired\":true,\"valueName\":\"search_term_string\"}}],\"inLanguage\":\"fr-FR\"},{\"@type\":\"Organization\",\"@id\":\"https:\/\/centresocialamilcarreghem.ovh\/#organization\",\"name\":\"Centre Social et Culturel Amilcar Reghem\",\"url\":\"https:\/\/centresocialamilcarreghem.ovh\/\",\"logo\":{\"@type\":\"ImageObject\",\"inLanguage\":\"fr-FR\",\"@id\":\"https:\/\/centresocialamilcarreghem.ovh\/#\/schema\/logo\/image\/\",\"url\":\"https:\/\/centresocialamilcarreghem.ovh\/wp-content\/uploads\/2025\/05\/logo_centre_social.png\",\"contentUrl\":\"https:\/\/centresocialamilcarreghem.ovh\/wp-content\/uploads\/2025\/05\/logo_centre_social.png\",\"width\":500,\"height\":500,\"caption\":\"Centre Social et Culturel Amilcar Reghem\"},\"image\":{\"@id\":\"https:\/\/centresocialamilcarreghem.ovh\/#\/schema\/logo\/image\/\"},\"sameAs\":[\"https:\/\/www.facebook.com\/CentresocialAmilcarReghem\",\"https:\/\/www.instagram.com\/amilcarreghem\/\"]}]}<\/script>\n<!-- \/ Yoast SEO plugin. -->","yoast_head_json":{"title":"P\u00f4le Adultes et Familles - Centre Social et Culturel Amilcar Reghem - Qui\u00e9vrechain","description":"Venez d\u00e9couvrir notre Pole Adultes et Familles, les ateliers, les animations, tout ce qui est mit en place par notre centre.","robots":{"index":"noindex","follow":"follow","max-snippet":"max-snippet:-1","max-image-preview":"max-image-preview:large","max-video-preview":"max-video-preview:-1"},"og_locale":"fr_FR","og_type":"article","og_title":"P\u00f4le Adultes et Familles - Centre Social et Culturel Amilcar Reghem - Qui\u00e9vrechain","og_description":"Venez d\u00e9couvrir notre Pole Adultes et Familles, les ateliers, les animations, tout ce qui est mit en place par notre centre.","og_url":"https:\/\/centresocialamilcarreghem.ovh\/index.php\/pole-parentalite-et-familles\/","og_site_name":"Centre Social et Culturel Amilcar Reghem","article_publisher":"https:\/\/www.facebook.com\/CentresocialAmilcarReghem","article_modified_time":"2025-05-27T14:36:45+00:00","og_image":[{"width":2000,"height":1414,"url":"https:\/\/centresocialamilcarreghem.ovh\/wp-content\/uploads\/2025\/05\/Puzzle-Adultes-familles.png","type":"image\/png"}],"twitter_card":"summary_large_image","twitter_misc":{"Dur\u00e9e de lecture estim\u00e9e":"2 minutes"},"schema":{"@context":"https:\/\/schema.org","@graph":[{"@type":"WebPage","@id":"https:\/\/centresocialamilcarreghem.ovh\/index.php\/pole-parentalite-et-familles\/","url":"https:\/\/centresocialamilcarreghem.ovh\/index.php\/pole-parentalite-et-familles\/","name":"P\u00f4le Adultes et Familles - Centre Social et Culturel Amilcar Reghem - Qui\u00e9vrechain","isPartOf":{"@id":"https:\/\/centresocialamilcarreghem.ovh\/#website"},"primaryImageOfPage":{"@id":"https:\/\/centresocialamilcarreghem.ovh\/index.php\/pole-parentalite-et-familles\/#primaryimage"},"image":{"@id":"https:\/\/centresocialamilcarreghem.ovh\/index.php\/pole-parentalite-et-familles\/#primaryimage"},"thumbnailUrl":"https:\/\/centresocialamilcarreghem.ovh\/wp-content\/uploads\/2025\/05\/Puzzle-Adultes-familles.png","datePublished":"2025-05-20T09:23:00+00:00","dateModified":"2025-05-27T14:36:45+00:00","description":"Venez d\u00e9couvrir notre Pole Adultes et Familles, les ateliers, les animations, tout ce qui est mit en place par notre centre.","breadcrumb":{"@id":"https:\/\/centresocialamilcarreghem.ovh\/index.php\/pole-parentalite-et-familles\/#breadcrumb"},"inLanguage":"fr-FR","potentialAction":[{"@type":"ReadAction","target":["https:\/\/centresocialamilcarreghem.ovh\/index.php\/pole-parentalite-et-familles\/"]}]},{"@type":"ImageObject","inLanguage":"fr-FR","@id":"https:\/\/centresocialamilcarreghem.ovh\/index.php\/pole-parentalite-et-familles\/#primaryimage","url":"https:\/\/centresocialamilcarreghem.ovh\/wp-content\/uploads\/2025\/05\/Puzzle-Adultes-familles.png","contentUrl":"https:\/\/centresocialamilcarreghem.ovh\/wp-content\/uploads\/2025\/05\/Puzzle-Adultes-familles.png","width":2000,"height":1414,"caption":"Puzzle repr\u00e9sentant les activit\u00e9s du p\u00f4le adultes \/ familles"},{"@type":"BreadcrumbList","@id":"https:\/\/centresocialamilcarreghem.ovh\/index.php\/pole-parentalite-et-familles\/#breadcrumb","itemListElement":[{"@type":"ListItem","position":1,"name":"Accueil","item":"https:\/\/centresocialamilcarreghem.ovh\/"},{"@type":"ListItem","position":2,"name":"P\u00f4le Adultes et Familles"}]},{"@type":"WebSite","@id":"https:\/\/centresocialamilcarreghem.ovh\/#website","url":"https:\/\/centresocialamilcarreghem.ovh\/","name":"Centre Social et Culturel Amilcar Reghem","description":"","publisher":{"@id":"https:\/\/centresocialamilcarreghem.ovh\/#organization"},"potentialAction":[{"@type":"SearchAction","target":{"@type":"EntryPoint","urlTemplate":"https:\/\/centresocialamilcarreghem.ovh\/?s={search_term_string}"},"query-input":{"@type":"PropertyValueSpecification","valueRequired":true,"valueName":"search_term_string"}}],"inLanguage":"fr-FR"},{"@type":"Organization","@id":"https:\/\/centresocialamilcarreghem.ovh\/#organization","name":"Centre Social et Culturel Amilcar Reghem","url":"https:\/\/centresocialamilcarreghem.ovh\/","logo":{"@type":"ImageObject","inLanguage":"fr-FR","@id":"https:\/\/centresocialamilcarreghem.ovh\/#\/schema\/logo\/image\/","url":"https:\/\/centresocialamilcarreghem.ovh\/wp-content\/uploads\/2025\/05\/logo_centre_social.png","contentUrl":"https:\/\/centresocialamilcarreghem.ovh\/wp-content\/uploads\/2025\/05\/logo_centre_social.png","width":500,"height":500,"caption":"Centre Social et Culturel Amilcar Reghem"},"image":{"@id":"https:\/\/centresocialamilcarreghem.ovh\/#\/schema\/logo\/image\/"},"sameAs":["https:\/\/www.facebook.com\/CentresocialAmilcarReghem","https:\/\/www.instagram.com\/amilcarreghem\/"]}]}},"_links":{"self":[{"href":"https:\/\/centresocialamilcarreghem.ovh\/index.php\/wp-json\/wp\/v2\/pages\/419","targetHints":{"allow":["GET"]}}],"collection":[{"href":"https:\/\/centresocialamilcarreghem.ovh\/index.php\/wp-json\/wp\/v2\/pages"}],"about":[{"href":"https:\/\/centresocialamilcarreghem.ovh\/index.php\/wp-json\/wp\/v2\/types\/page"}],"author":[{"embeddable":true,"href":"https:\/\/centresocialamilcarreghem.ovh\/index.php\/wp-json\/wp\/v2\/users\/1"}],"replies":[{"embeddable":true,"href":"https:\/\/centresocialamilcarreghem.ovh\/index.php\/wp-json\/wp\/v2\/comments?post=419"}],"version-history":[{"count":30,"href":"https:\/\/centresocialamilcarreghem.ovh\/index.php\/wp-json\/wp\/v2\/pages\/419\/revisions"}],"predecessor-version":[{"id":1195,"href":"https:\/\/centresocialamilcarreghem.ovh\/index.php\/wp-json\/wp\/v2\/pages\/419\/revisions\/1195"}],"wp:attachment":[{"href":"https:\/\/centresocialamilcarreghem.ovh\/index.php\/wp-json\/wp\/v2\/media?parent=419"}],"curies":[{"name":"wp","href":"https:\/\/api.w.org\/{rel}","templated":true}]}}