{"id":418,"date":"2025-05-20T11:22:51","date_gmt":"2025-05-20T09:22:51","guid":{"rendered":"https:\/\/centresocialamilcarreghem.ovh\/?page_id=418"},"modified":"2025-05-28T16:55:59","modified_gmt":"2025-05-28T14:55:59","slug":"pole-jeunesse","status":"publish","type":"page","link":"https:\/\/centresocialamilcarreghem.ovh\/index.php\/pole-jeunesse\/","title":{"rendered":"P\u00f4le Jeunesse"},"content":{"rendered":"\t\t<div data-elementor-type=\"wp-page\" data-elementor-id=\"418\" class=\"elementor elementor-418\">\n\t\t\t\t<div class=\"elementor-element elementor-element-023b08c e-con-full e-flex wpr-particle-no wpr-jarallax-no wpr-parallax-no wpr-sticky-section-no e-con e-parent\" data-id=\"023b08c\" data-element_type=\"container\">\n\t\t<div class=\"elementor-element elementor-element-4f8e587 e-con-full e-flex wpr-particle-no wpr-jarallax-no wpr-parallax-no wpr-sticky-section-no e-con e-child\" data-id=\"4f8e587\" data-element_type=\"container\">\n\t\t\t\t<div class=\"elementor-element elementor-element-7f9e180 elementor-widget elementor-widget-heading\" data-id=\"7f9e180\" data-element_type=\"widget\" data-widget_type=\"heading.default\">\n\t\t\t\t<div class=\"elementor-widget-container\">\n\t\t\t\t\t<h3 class=\"elementor-heading-title elementor-size-default\">Pour les jeunes de 11 \u00e0 25 ans<\/h3>\t\t\t\t<\/div>\n\t\t\t\t<\/div>\n\t\t\t\t<div class=\"elementor-element elementor-element-bdb4731 elementor-widget elementor-widget-text-editor\" data-id=\"bdb4731\" data-element_type=\"widget\" data-widget_type=\"text-editor.default\">\n\t\t\t\t<div class=\"elementor-widget-container\">\n\t\t\t\t\t\t\t\t\t<p>Nous proposons un <b>accompagnement individuel dans vos d\u00e9marches<\/b>, administratives, sociales, scolaires ou professionnelles (Lettre officielle, demande de logement, cv, lettre de motivation\u2026).<\/p><p>Nous accompagnons les enfants \u00e0\u00a0la scolarit\u00e9\u00a0de la 6eme \u00e0 la 3eme.<\/p><p>Le centre organise des\u00a0<b>accueils en soir\u00e9e<\/b>\u00a0pour les\u00a0<b>11\/17 ans<\/b>\u00a0tous les vendredis (hors vacances scolaires) de 18 \u00e0 20h.<\/p><p><span style=\"font-family: Poppins, sans-serif; font-size: 16px; font-style: normal; font-variant-ligatures: normal; font-variant-caps: normal; font-weight: 400;\">Nous organisons p<\/span>endant <b>les vacances scolaires <\/b>(f\u00e9vrier, avril, octobre, d\u00e9cembre) et le mois de juillet<b> <\/b>\u00a0des centres de loisirs pour les <b>11\/17 ans.<\/b><\/p><p>Nous accompagnons les jeunes dans l\u2019\u00e9laboration et la mise en place de <strong>projets,\u00a0<\/strong><b>s\u00e9jours collectifs, ou autonomes<\/b>\u00a0pour les majeurs en vue de vacances ou de projet solidaire (<b>11\/25 ans<\/b>).<\/p>\t\t\t\t\t\t\t\t<\/div>\n\t\t\t\t<\/div>\n\t\t\t\t<\/div>\n\t\t\t\t<div class=\"elementor-element elementor-element-e81eaef elementor-widget__width-initial elementor-widget elementor-widget-image\" data-id=\"e81eaef\" data-element_type=\"widget\" data-widget_type=\"image.default\">\n\t\t\t\t<div class=\"elementor-widget-container\">\n\t\t\t\t\t\t\t\t\t\t\t\t\t\t\t<img fetchpriority=\"high\" decoding=\"async\" width=\"2000\" height=\"1414\" src=\"https:\/\/centresocialamilcarreghem.ovh\/wp-content\/uploads\/2025\/05\/Puzzle-Jeunesse.png\" class=\"attachment-full size-full wp-image-348\" alt=\"Symbole en puzzle repr\u00e9sentant les animations jeunesse\" srcset=\"https:\/\/centresocialamilcarreghem.ovh\/wp-content\/uploads\/2025\/05\/Puzzle-Jeunesse.png 2000w, https:\/\/centresocialamilcarreghem.ovh\/wp-content\/uploads\/2025\/05\/Puzzle-Jeunesse-300x212.png 300w, https:\/\/centresocialamilcarreghem.ovh\/wp-content\/uploads\/2025\/05\/Puzzle-Jeunesse-1024x724.png 1024w, https:\/\/centresocialamilcarreghem.ovh\/wp-content\/uploads\/2025\/05\/Puzzle-Jeunesse-768x543.png 768w, https:\/\/centresocialamilcarreghem.ovh\/wp-content\/uploads\/2025\/05\/Puzzle-Jeunesse-1536x1086.png 1536w\" sizes=\"(max-width: 2000px) 100vw, 2000px\" \/>\t\t\t\t\t\t\t\t\t\t\t\t\t\t\t<\/div>\n\t\t\t\t<\/div>\n\t\t\t\t<\/div>\n\t\t<div class=\"elementor-element elementor-element-725bd9d e-flex e-con-boxed wpr-particle-no wpr-jarallax-no wpr-parallax-no wpr-sticky-section-no e-con e-parent\" data-id=\"725bd9d\" data-element_type=\"container\">\n\t\t\t\t\t<div class=\"e-con-inner\">\n\t\t\t\t<div class=\"elementor-element elementor-element-5759c60 elementor-widget elementor-widget-text-editor\" data-id=\"5759c60\" data-element_type=\"widget\" data-widget_type=\"text-editor.default\">\n\t\t\t\t<div class=\"elementor-widget-container\">\n\t\t\t\t\t\t\t\t\t<p>Retrouvez la fiche d&rsquo;inscription aux activit\u00e9s et la fiche sanitaire.<\/p>\t\t\t\t\t\t\t\t<\/div>\n\t\t\t\t<\/div>\n\t\t\t\t<div class=\"elementor-element elementor-element-09bd289 elementor-view-default elementor-widget elementor-widget-icon\" data-id=\"09bd289\" data-element_type=\"widget\" data-settings=\"{&quot;_animation&quot;:&quot;none&quot;}\" data-widget_type=\"icon.default\">\n\t\t\t\t<div class=\"elementor-widget-container\">\n\t\t\t\t\t\t\t<div class=\"elementor-icon-wrapper\">\n\t\t\t<a class=\"elementor-icon elementor-animation-grow\" href=\"https:\/\/centresocialamilcarreghem.ovh\/wp-content\/uploads\/2025\/05\/Inscription-Enfance-Jeunesse-fiche-liaison.pdf\">\n\t\t\t<svg aria-hidden=\"true\" class=\"e-font-icon-svg e-fas-file-pdf\" viewBox=\"0 0 384 512\" xmlns=\"http:\/\/www.w3.org\/2000\/svg\"><path d=\"M181.9 256.1c-5-16-4.9-46.9-2-46.9 8.4 0 7.6 36.9 2 46.9zm-1.7 47.2c-7.7 20.2-17.3 43.3-28.4 62.7 18.3-7 39-17.2 62.9-21.9-12.7-9.6-24.9-23.4-34.5-40.8zM86.1 428.1c0 .8 13.2-5.4 34.9-40.2-6.7 6.3-29.1 24.5-34.9 40.2zM248 160h136v328c0 13.3-10.7 24-24 24H24c-13.3 0-24-10.7-24-24V24C0 10.7 10.7 0 24 0h200v136c0 13.2 10.8 24 24 24zm-8 171.8c-20-12.2-33.3-29-42.7-53.8 4.5-18.5 11.6-46.6 6.2-64.2-4.7-29.4-42.4-26.5-47.8-6.8-5 18.3-.4 44.1 8.1 77-11.6 27.6-28.7 64.6-40.8 85.8-.1 0-.1.1-.2.1-27.1 13.9-73.6 44.5-54.5 68 5.6 6.9 16 10 21.5 10 17.9 0 35.7-18 61.1-61.8 25.8-8.5 54.1-19.1 79-23.2 21.7 11.8 47.1 19.5 64 19.5 29.2 0 31.2-32 19.7-43.4-13.9-13.6-54.3-9.7-73.6-7.2zM377 105L279 7c-4.5-4.5-10.6-7-17-7h-6v128h128v-6.1c0-6.3-2.5-12.4-7-16.9zm-74.1 255.3c4.1-2.7-2.5-11.9-42.8-9 37.1 15.8 42.8 9 42.8 9z\"><\/path><\/svg>\t\t\t<\/a>\n\t\t<\/div>\n\t\t\t\t\t\t<\/div>\n\t\t\t\t<\/div>\n\t\t\t\t<div class=\"elementor-element elementor-element-14e6045 elementor-widget elementor-widget-text-editor\" data-id=\"14e6045\" data-element_type=\"widget\" data-widget_type=\"text-editor.default\">\n\t\t\t\t<div class=\"elementor-widget-container\">\n\t\t\t\t\t\t\t\t\t<p>Retrouvez la fiche d&rsquo;inscription au clas.<\/p>\t\t\t\t\t\t\t\t<\/div>\n\t\t\t\t<\/div>\n\t\t\t\t<div class=\"elementor-element elementor-element-a4a5621 elementor-view-default elementor-widget elementor-widget-icon\" data-id=\"a4a5621\" data-element_type=\"widget\" data-widget_type=\"icon.default\">\n\t\t\t\t<div class=\"elementor-widget-container\">\n\t\t\t\t\t\t\t<div class=\"elementor-icon-wrapper\">\n\t\t\t<a class=\"elementor-icon elementor-animation-grow\" href=\"https:\/\/centresocialamilcarreghem.ovh\/wp-content\/uploads\/2025\/05\/Accompagnement-a-la-scolarite.pdf\">\n\t\t\t<svg aria-hidden=\"true\" class=\"e-font-icon-svg e-fas-file-pdf\" viewBox=\"0 0 384 512\" xmlns=\"http:\/\/www.w3.org\/2000\/svg\"><path d=\"M181.9 256.1c-5-16-4.9-46.9-2-46.9 8.4 0 7.6 36.9 2 46.9zm-1.7 47.2c-7.7 20.2-17.3 43.3-28.4 62.7 18.3-7 39-17.2 62.9-21.9-12.7-9.6-24.9-23.4-34.5-40.8zM86.1 428.1c0 .8 13.2-5.4 34.9-40.2-6.7 6.3-29.1 24.5-34.9 40.2zM248 160h136v328c0 13.3-10.7 24-24 24H24c-13.3 0-24-10.7-24-24V24C0 10.7 10.7 0 24 0h200v136c0 13.2 10.8 24 24 24zm-8 171.8c-20-12.2-33.3-29-42.7-53.8 4.5-18.5 11.6-46.6 6.2-64.2-4.7-29.4-42.4-26.5-47.8-6.8-5 18.3-.4 44.1 8.1 77-11.6 27.6-28.7 64.6-40.8 85.8-.1 0-.1.1-.2.1-27.1 13.9-73.6 44.5-54.5 68 5.6 6.9 16 10 21.5 10 17.9 0 35.7-18 61.1-61.8 25.8-8.5 54.1-19.1 79-23.2 21.7 11.8 47.1 19.5 64 19.5 29.2 0 31.2-32 19.7-43.4-13.9-13.6-54.3-9.7-73.6-7.2zM377 105L279 7c-4.5-4.5-10.6-7-17-7h-6v128h128v-6.1c0-6.3-2.5-12.4-7-16.9zm-74.1 255.3c4.1-2.7-2.5-11.9-42.8-9 37.1 15.8 42.8 9 42.8 9z\"><\/path><\/svg>\t\t\t<\/a>\n\t\t<\/div>\n\t\t\t\t\t\t<\/div>\n\t\t\t\t<\/div>\n\t\t\t\t\t<\/div>\n\t\t\t\t<\/div>\n\t\t\t\t<\/div>\n\t\t","protected":false},"excerpt":{"rendered":"<p>Pour les jeunes de 11 \u00e0 25 ans Nous proposons un accompagnement individuel dans vos d\u00e9marches, administratives, sociales, scolaires ou professionnelles (Lettre officielle, demande de logement, cv, lettre de motivation\u2026). Nous accompagnons les enfants \u00e0\u00a0la scolarit\u00e9\u00a0de la 6eme \u00e0 la 3eme. Le centre organise des\u00a0accueils en soir\u00e9e\u00a0pour les\u00a011\/17 ans\u00a0tous les vendredis (hors vacances scolaires) de 18 \u00e0 20h. Nous organisons pendant les vacances scolaires (f\u00e9vrier, avril, octobre, d\u00e9cembre) et le mois de juillet \u00a0des centres de loisirs pour les 11\/17 ans. Nous accompagnons les jeunes dans l\u2019\u00e9laboration et la mise en place de projets,\u00a0s\u00e9jours collectifs, ou autonomes\u00a0pour les majeurs en vue de vacances ou de projet solidaire (11\/25 ans). Retrouvez la fiche d&rsquo;inscription aux activit\u00e9s et la fiche sanitaire. Retrouvez la fiche d&rsquo;inscription au clas.<\/p>\n","protected":false},"author":1,"featured_media":0,"parent":0,"menu_order":0,"comment_status":"closed","ping_status":"closed","template":"elementor_header_footer","meta":{"footnotes":""},"class_list":["post-418","page","type-page","status-publish","hentry","entry"],"yoast_head":"<!-- This site is optimized with the Yoast SEO plugin v26.6 - https:\/\/yoast.com\/wordpress\/plugins\/seo\/ -->\n<title>P\u00f4le Jeunesse - Centre Social et Culturel Amilcar Reghem - Qui\u00e9vrechain<\/title>\n<meta name=\"description\" content=\"Venez d\u00e9couvrir notre Pole Jeunesse, les ateliers, les animations, tout ce qui est mit en place par notre centre.\" \/>\n<meta name=\"robots\" content=\"noindex, follow, max-snippet:-1, max-image-preview:large, max-video-preview:-1\" \/>\n<meta property=\"og:locale\" content=\"fr_FR\" \/>\n<meta property=\"og:type\" content=\"article\" \/>\n<meta property=\"og:title\" content=\"P\u00f4le Jeunesse - Centre Social et Culturel Amilcar Reghem - Qui\u00e9vrechain\" \/>\n<meta property=\"og:description\" content=\"Venez d\u00e9couvrir notre Pole Jeunesse, les ateliers, les animations, tout ce qui est mit en place par notre centre.\" \/>\n<meta property=\"og:url\" content=\"https:\/\/centresocialamilcarreghem.ovh\/index.php\/pole-jeunesse\/\" \/>\n<meta property=\"og:site_name\" content=\"Centre Social et Culturel Amilcar Reghem\" \/>\n<meta property=\"article:publisher\" content=\"https:\/\/www.facebook.com\/CentresocialAmilcarReghem\" \/>\n<meta property=\"article:modified_time\" content=\"2025-05-28T14:55:59+00:00\" \/>\n<meta property=\"og:image\" content=\"https:\/\/centresocialamilcarreghem.ovh\/wp-content\/uploads\/2025\/05\/Puzzle-Jeunesse.png\" \/>\n\t<meta property=\"og:image:width\" content=\"2000\" \/>\n\t<meta property=\"og:image:height\" content=\"1414\" \/>\n\t<meta property=\"og:image:type\" content=\"image\/png\" \/>\n<meta name=\"twitter:card\" content=\"summary_large_image\" \/>\n<meta name=\"twitter:label1\" content=\"Dur\u00e9e de lecture estim\u00e9e\" \/>\n\t<meta name=\"twitter:data1\" content=\"1 minute\" \/>\n<script type=\"application\/ld+json\" class=\"yoast-schema-graph\">{\"@context\":\"https:\/\/schema.org\",\"@graph\":[{\"@type\":\"WebPage\",\"@id\":\"https:\/\/centresocialamilcarreghem.ovh\/index.php\/pole-jeunesse\/\",\"url\":\"https:\/\/centresocialamilcarreghem.ovh\/index.php\/pole-jeunesse\/\",\"name\":\"P\u00f4le Jeunesse - Centre Social et Culturel Amilcar Reghem - Qui\u00e9vrechain\",\"isPartOf\":{\"@id\":\"https:\/\/centresocialamilcarreghem.ovh\/#website\"},\"primaryImageOfPage\":{\"@id\":\"https:\/\/centresocialamilcarreghem.ovh\/index.php\/pole-jeunesse\/#primaryimage\"},\"image\":{\"@id\":\"https:\/\/centresocialamilcarreghem.ovh\/index.php\/pole-jeunesse\/#primaryimage\"},\"thumbnailUrl\":\"https:\/\/centresocialamilcarreghem.ovh\/wp-content\/uploads\/2025\/05\/Puzzle-Jeunesse.png\",\"datePublished\":\"2025-05-20T09:22:51+00:00\",\"dateModified\":\"2025-05-28T14:55:59+00:00\",\"description\":\"Venez d\u00e9couvrir notre Pole Jeunesse, les ateliers, les animations, tout ce qui est mit en place par notre centre.\",\"breadcrumb\":{\"@id\":\"https:\/\/centresocialamilcarreghem.ovh\/index.php\/pole-jeunesse\/#breadcrumb\"},\"inLanguage\":\"fr-FR\",\"potentialAction\":[{\"@type\":\"ReadAction\",\"target\":[\"https:\/\/centresocialamilcarreghem.ovh\/index.php\/pole-jeunesse\/\"]}]},{\"@type\":\"ImageObject\",\"inLanguage\":\"fr-FR\",\"@id\":\"https:\/\/centresocialamilcarreghem.ovh\/index.php\/pole-jeunesse\/#primaryimage\",\"url\":\"https:\/\/centresocialamilcarreghem.ovh\/wp-content\/uploads\/2025\/05\/Puzzle-Jeunesse.png\",\"contentUrl\":\"https:\/\/centresocialamilcarreghem.ovh\/wp-content\/uploads\/2025\/05\/Puzzle-Jeunesse.png\",\"width\":2000,\"height\":1414,\"caption\":\"Symbole en puzzle repr\u00e9sentant les animations jeunesse\"},{\"@type\":\"BreadcrumbList\",\"@id\":\"https:\/\/centresocialamilcarreghem.ovh\/index.php\/pole-jeunesse\/#breadcrumb\",\"itemListElement\":[{\"@type\":\"ListItem\",\"position\":1,\"name\":\"Accueil\",\"item\":\"https:\/\/centresocialamilcarreghem.ovh\/\"},{\"@type\":\"ListItem\",\"position\":2,\"name\":\"P\u00f4le Jeunesse\"}]},{\"@type\":\"WebSite\",\"@id\":\"https:\/\/centresocialamilcarreghem.ovh\/#website\",\"url\":\"https:\/\/centresocialamilcarreghem.ovh\/\",\"name\":\"Centre Social et Culturel Amilcar Reghem\",\"description\":\"\",\"publisher\":{\"@id\":\"https:\/\/centresocialamilcarreghem.ovh\/#organization\"},\"potentialAction\":[{\"@type\":\"SearchAction\",\"target\":{\"@type\":\"EntryPoint\",\"urlTemplate\":\"https:\/\/centresocialamilcarreghem.ovh\/?s={search_term_string}\"},\"query-input\":{\"@type\":\"PropertyValueSpecification\",\"valueRequired\":true,\"valueName\":\"search_term_string\"}}],\"inLanguage\":\"fr-FR\"},{\"@type\":\"Organization\",\"@id\":\"https:\/\/centresocialamilcarreghem.ovh\/#organization\",\"name\":\"Centre Social et Culturel Amilcar Reghem\",\"url\":\"https:\/\/centresocialamilcarreghem.ovh\/\",\"logo\":{\"@type\":\"ImageObject\",\"inLanguage\":\"fr-FR\",\"@id\":\"https:\/\/centresocialamilcarreghem.ovh\/#\/schema\/logo\/image\/\",\"url\":\"https:\/\/centresocialamilcarreghem.ovh\/wp-content\/uploads\/2025\/05\/logo_centre_social.png\",\"contentUrl\":\"https:\/\/centresocialamilcarreghem.ovh\/wp-content\/uploads\/2025\/05\/logo_centre_social.png\",\"width\":500,\"height\":500,\"caption\":\"Centre Social et Culturel Amilcar Reghem\"},\"image\":{\"@id\":\"https:\/\/centresocialamilcarreghem.ovh\/#\/schema\/logo\/image\/\"},\"sameAs\":[\"https:\/\/www.facebook.com\/CentresocialAmilcarReghem\",\"https:\/\/www.instagram.com\/amilcarreghem\/\"]}]}<\/script>\n<!-- \/ Yoast SEO plugin. -->","yoast_head_json":{"title":"P\u00f4le Jeunesse - Centre Social et Culturel Amilcar Reghem - Qui\u00e9vrechain","description":"Venez d\u00e9couvrir notre Pole Jeunesse, les ateliers, les animations, tout ce qui est mit en place par notre centre.","robots":{"index":"noindex","follow":"follow","max-snippet":"max-snippet:-1","max-image-preview":"max-image-preview:large","max-video-preview":"max-video-preview:-1"},"og_locale":"fr_FR","og_type":"article","og_title":"P\u00f4le Jeunesse - Centre Social et Culturel Amilcar Reghem - Qui\u00e9vrechain","og_description":"Venez d\u00e9couvrir notre Pole Jeunesse, les ateliers, les animations, tout ce qui est mit en place par notre centre.","og_url":"https:\/\/centresocialamilcarreghem.ovh\/index.php\/pole-jeunesse\/","og_site_name":"Centre Social et Culturel Amilcar Reghem","article_publisher":"https:\/\/www.facebook.com\/CentresocialAmilcarReghem","article_modified_time":"2025-05-28T14:55:59+00:00","og_image":[{"width":2000,"height":1414,"url":"https:\/\/centresocialamilcarreghem.ovh\/wp-content\/uploads\/2025\/05\/Puzzle-Jeunesse.png","type":"image\/png"}],"twitter_card":"summary_large_image","twitter_misc":{"Dur\u00e9e de lecture estim\u00e9e":"1 minute"},"schema":{"@context":"https:\/\/schema.org","@graph":[{"@type":"WebPage","@id":"https:\/\/centresocialamilcarreghem.ovh\/index.php\/pole-jeunesse\/","url":"https:\/\/centresocialamilcarreghem.ovh\/index.php\/pole-jeunesse\/","name":"P\u00f4le Jeunesse - Centre Social et Culturel Amilcar Reghem - Qui\u00e9vrechain","isPartOf":{"@id":"https:\/\/centresocialamilcarreghem.ovh\/#website"},"primaryImageOfPage":{"@id":"https:\/\/centresocialamilcarreghem.ovh\/index.php\/pole-jeunesse\/#primaryimage"},"image":{"@id":"https:\/\/centresocialamilcarreghem.ovh\/index.php\/pole-jeunesse\/#primaryimage"},"thumbnailUrl":"https:\/\/centresocialamilcarreghem.ovh\/wp-content\/uploads\/2025\/05\/Puzzle-Jeunesse.png","datePublished":"2025-05-20T09:22:51+00:00","dateModified":"2025-05-28T14:55:59+00:00","description":"Venez d\u00e9couvrir notre Pole Jeunesse, les ateliers, les animations, tout ce qui est mit en place par notre centre.","breadcrumb":{"@id":"https:\/\/centresocialamilcarreghem.ovh\/index.php\/pole-jeunesse\/#breadcrumb"},"inLanguage":"fr-FR","potentialAction":[{"@type":"ReadAction","target":["https:\/\/centresocialamilcarreghem.ovh\/index.php\/pole-jeunesse\/"]}]},{"@type":"ImageObject","inLanguage":"fr-FR","@id":"https:\/\/centresocialamilcarreghem.ovh\/index.php\/pole-jeunesse\/#primaryimage","url":"https:\/\/centresocialamilcarreghem.ovh\/wp-content\/uploads\/2025\/05\/Puzzle-Jeunesse.png","contentUrl":"https:\/\/centresocialamilcarreghem.ovh\/wp-content\/uploads\/2025\/05\/Puzzle-Jeunesse.png","width":2000,"height":1414,"caption":"Symbole en puzzle repr\u00e9sentant les animations jeunesse"},{"@type":"BreadcrumbList","@id":"https:\/\/centresocialamilcarreghem.ovh\/index.php\/pole-jeunesse\/#breadcrumb","itemListElement":[{"@type":"ListItem","position":1,"name":"Accueil","item":"https:\/\/centresocialamilcarreghem.ovh\/"},{"@type":"ListItem","position":2,"name":"P\u00f4le Jeunesse"}]},{"@type":"WebSite","@id":"https:\/\/centresocialamilcarreghem.ovh\/#website","url":"https:\/\/centresocialamilcarreghem.ovh\/","name":"Centre Social et Culturel Amilcar Reghem","description":"","publisher":{"@id":"https:\/\/centresocialamilcarreghem.ovh\/#organization"},"potentialAction":[{"@type":"SearchAction","target":{"@type":"EntryPoint","urlTemplate":"https:\/\/centresocialamilcarreghem.ovh\/?s={search_term_string}"},"query-input":{"@type":"PropertyValueSpecification","valueRequired":true,"valueName":"search_term_string"}}],"inLanguage":"fr-FR"},{"@type":"Organization","@id":"https:\/\/centresocialamilcarreghem.ovh\/#organization","name":"Centre Social et Culturel Amilcar Reghem","url":"https:\/\/centresocialamilcarreghem.ovh\/","logo":{"@type":"ImageObject","inLanguage":"fr-FR","@id":"https:\/\/centresocialamilcarreghem.ovh\/#\/schema\/logo\/image\/","url":"https:\/\/centresocialamilcarreghem.ovh\/wp-content\/uploads\/2025\/05\/logo_centre_social.png","contentUrl":"https:\/\/centresocialamilcarreghem.ovh\/wp-content\/uploads\/2025\/05\/logo_centre_social.png","width":500,"height":500,"caption":"Centre Social et Culturel Amilcar Reghem"},"image":{"@id":"https:\/\/centresocialamilcarreghem.ovh\/#\/schema\/logo\/image\/"},"sameAs":["https:\/\/www.facebook.com\/CentresocialAmilcarReghem","https:\/\/www.instagram.com\/amilcarreghem\/"]}]}},"_links":{"self":[{"href":"https:\/\/centresocialamilcarreghem.ovh\/index.php\/wp-json\/wp\/v2\/pages\/418","targetHints":{"allow":["GET"]}}],"collection":[{"href":"https:\/\/centresocialamilcarreghem.ovh\/index.php\/wp-json\/wp\/v2\/pages"}],"about":[{"href":"https:\/\/centresocialamilcarreghem.ovh\/index.php\/wp-json\/wp\/v2\/types\/page"}],"author":[{"embeddable":true,"href":"https:\/\/centresocialamilcarreghem.ovh\/index.php\/wp-json\/wp\/v2\/users\/1"}],"replies":[{"embeddable":true,"href":"https:\/\/centresocialamilcarreghem.ovh\/index.php\/wp-json\/wp\/v2\/comments?post=418"}],"version-history":[{"count":51,"href":"https:\/\/centresocialamilcarreghem.ovh\/index.php\/wp-json\/wp\/v2\/pages\/418\/revisions"}],"predecessor-version":[{"id":1231,"href":"https:\/\/centresocialamilcarreghem.ovh\/index.php\/wp-json\/wp\/v2\/pages\/418\/revisions\/1231"}],"wp:attachment":[{"href":"https:\/\/centresocialamilcarreghem.ovh\/index.php\/wp-json\/wp\/v2\/media?parent=418"}],"curies":[{"name":"wp","href":"https:\/\/api.w.org\/{rel}","templated":true}]}}