{"id":35,"date":"2025-05-15T16:18:59","date_gmt":"2025-05-15T14:18:59","guid":{"rendered":"https:\/\/centresocialamilcarreghem.ovh\/?page_id=35"},"modified":"2025-06-06T13:14:07","modified_gmt":"2025-06-06T11:14:07","slug":"benevolat","status":"publish","type":"page","link":"https:\/\/centresocialamilcarreghem.ovh\/index.php\/benevolat\/","title":{"rendered":"B\u00e9n\u00e9volat"},"content":{"rendered":"\t\t<div data-elementor-type=\"wp-page\" data-elementor-id=\"35\" class=\"elementor elementor-35\">\n\t\t\t\t<div class=\"elementor-element elementor-element-d72bab1 e-con-full e-flex wpr-particle-no wpr-jarallax-no wpr-parallax-no wpr-sticky-section-no e-con e-parent\" data-id=\"d72bab1\" data-element_type=\"container\">\n\t\t<div class=\"elementor-element elementor-element-c172bc7 e-con-full e-flex wpr-particle-no wpr-jarallax-no wpr-parallax-no wpr-sticky-section-no e-con e-child\" data-id=\"c172bc7\" data-element_type=\"container\">\n\t\t<div class=\"elementor-element elementor-element-464aa35 e-con-full e-flex wpr-particle-no wpr-jarallax-no wpr-parallax-no wpr-sticky-section-no e-con e-child\" data-id=\"464aa35\" data-element_type=\"container\">\n\t\t\t\t<div class=\"elementor-element elementor-element-84846c5 elementor-widget elementor-widget-heading\" data-id=\"84846c5\" data-element_type=\"widget\" data-widget_type=\"heading.default\">\n\t\t\t\t<div class=\"elementor-widget-container\">\n\t\t\t\t\t<h3 class=\"elementor-heading-title elementor-size-default\">Pourquoi devenir b\u00e9n\u00e9vole ?<\/h3>\t\t\t\t<\/div>\n\t\t\t\t<\/div>\n\t\t\t\t<div class=\"elementor-element elementor-element-d68060a elementor-widget elementor-widget-text-editor\" data-id=\"d68060a\" data-element_type=\"widget\" data-widget_type=\"text-editor.default\">\n\t\t\t\t<div class=\"elementor-widget-container\">\n\t\t\t\t\t\t\t\t\t<p style=\"text-align: left;\">Pour faire vivre notre centre social et culturel et nos valeurs de solidarit\u00e9s et de partage, de nombreux b\u00e9n\u00e9voles donnent de leur <strong>temps<\/strong>, de leurs <strong>comp\u00e9tences<\/strong> et de leur <strong>bonne volont\u00e9<\/strong> dans les activit\u00e9s de l\u2019association.<\/p>\n<p style=\"text-align: left;\">Toutes les personnes, quels que soient leur parcours, leu milieu social ou leur culture, peuvent \u00eatre force de proposition et d\u2019action pour <strong>am\u00e9liorer leur vie et celle des autres<\/strong>.<\/p>\n<p style=\"text-align: left;\">Le B\u00e9n\u00e9volat se r\u00e9f\u00e8re au <strong>pouvoir d\u2019agir<\/strong> des habitants du territoire.<\/p>\n<p style=\"text-align: left;\">Nous invitons les habitants \u00e0 <strong>s\u2019engager<\/strong> \u00e0 nos c\u00f4t\u00e9s en fonction de leurs disponibilit\u00e9s.<\/p>\n<p style=\"text-align: left;\">Chaque b\u00e9n\u00e9vole est important pour assurer le bon fonctionnement de notre association. Chaque habitant a des qualit\u00e9s, parfois m\u00e9connues, l&rsquo;important c&rsquo;est de faire confiance.<\/p>\t\t\t\t\t\t\t\t<\/div>\n\t\t\t\t<\/div>\n\t\t\t\t<\/div>\n\t\t\t\t<div class=\"elementor-element elementor-element-d4464a3 elementor-widget elementor-widget-image\" data-id=\"d4464a3\" data-element_type=\"widget\" data-widget_type=\"image.default\">\n\t\t\t\t<div class=\"elementor-widget-container\">\n\t\t\t\t\t\t\t\t\t\t\t\t\t\t\t<img decoding=\"async\" src=\"https:\/\/centresocialamilcarreghem.ovh\/wp-content\/uploads\/elementor\/thumbs\/benevolat-01-r6wk9p4xq7klp5m5dd1zuav4ufb52y9nyqnak2724o.jpg\" title=\"b\u00e9n\u00e9volat 01\" alt=\"b\u00e9n\u00e9volat 01\" loading=\"lazy\" \/>\t\t\t\t\t\t\t\t\t\t\t\t\t\t\t<\/div>\n\t\t\t\t<\/div>\n\t\t\t\t<\/div>\n\t\t<div class=\"elementor-element elementor-element-7b508d0 e-con-full e-flex wpr-particle-no wpr-jarallax-no wpr-parallax-no wpr-sticky-section-no e-con e-child\" data-id=\"7b508d0\" data-element_type=\"container\">\n\t\t\t\t<div class=\"elementor-element elementor-element-ea0454c elementor-widget elementor-widget-image\" data-id=\"ea0454c\" data-element_type=\"widget\" data-widget_type=\"image.default\">\n\t\t\t\t<div class=\"elementor-widget-container\">\n\t\t\t\t\t\t\t\t\t\t\t\t\t\t\t<img decoding=\"async\" src=\"https:\/\/centresocialamilcarreghem.ovh\/wp-content\/uploads\/elementor\/thumbs\/benevolat-02-scaled-r6wk9mbf5pgqqbq8ttu44tkr29p1fuygycou48b8nc.png\" title=\"b\u00e9n\u00e9volat 02\" alt=\"b\u00e9n\u00e9volat 02\" loading=\"lazy\" \/>\t\t\t\t\t\t\t\t\t\t\t\t\t\t\t<\/div>\n\t\t\t\t<\/div>\n\t\t<div class=\"elementor-element elementor-element-7107802 e-con-full e-flex wpr-particle-no wpr-jarallax-no wpr-parallax-no wpr-sticky-section-no e-con e-child\" data-id=\"7107802\" data-element_type=\"container\">\n\t\t\t\t<div class=\"elementor-element elementor-element-a76eff7 elementor-widget elementor-widget-heading\" data-id=\"a76eff7\" data-element_type=\"widget\" data-widget_type=\"heading.default\">\n\t\t\t\t<div class=\"elementor-widget-container\">\n\t\t\t\t\t<h3 class=\"elementor-heading-title elementor-size-default\">Il existe deux formes de B\u00e9n\u00e9volat :<\/h3>\t\t\t\t<\/div>\n\t\t\t\t<\/div>\n\t\t\t\t<div class=\"elementor-element elementor-element-922f8f3 elementor-widget elementor-widget-text-editor\" data-id=\"922f8f3\" data-element_type=\"widget\" data-widget_type=\"text-editor.default\">\n\t\t\t\t<div class=\"elementor-widget-container\">\n\t\t\t\t\t\t\t\t\t<p>\u2013 Les B\u00e9n\u00e9voles d\u2019activit\u00e9s, qui consiste \u00e0 aider aux animations d\u2019ateliers, \u00e0 la pr\u00e9paration d\u2019action, aux partage de comp\u00e9tences.<\/p><p>\u2013 Les b\u00e9n\u00e9voles actifs, qui consiste \u00e0 se r\u00e9f\u00e9rer \u00e0 la gouvernance associative en int\u00e9grant le conseil d\u2019administration.<\/p>\t\t\t\t\t\t\t\t<\/div>\n\t\t\t\t<\/div>\n\t\t\t\t<\/div>\n\t\t\t\t<\/div>\n\t\t\t\t<\/div>\n\t\t<div class=\"elementor-element elementor-element-d162aee e-flex e-con-boxed wpr-particle-no wpr-jarallax-no wpr-parallax-no wpr-sticky-section-no e-con e-parent\" data-id=\"d162aee\" data-element_type=\"container\">\n\t\t\t\t\t<div class=\"e-con-inner\">\n\t\t\t\t<div class=\"elementor-element elementor-element-81d0f6a elementor-widget elementor-widget-heading\" data-id=\"81d0f6a\" data-element_type=\"widget\" data-widget_type=\"heading.default\">\n\t\t\t\t<div class=\"elementor-widget-container\">\n\t\t\t\t\t<h2 class=\"elementor-heading-title elementor-size-default\">La charte du b\u00e9n\u00e9volat<\/h2>\t\t\t\t<\/div>\n\t\t\t\t<\/div>\n\t\t\t\t<div class=\"elementor-element elementor-element-1c57b40 elementor-widget elementor-widget-text-editor\" data-id=\"1c57b40\" data-element_type=\"widget\" data-widget_type=\"text-editor.default\">\n\t\t\t\t<div class=\"elementor-widget-container\">\n\t\t\t\t\t\t\t\t\t<p>Chaque b\u00e9n\u00e9vole d\u2019activit\u00e9 signe une charte du b\u00e9n\u00e9volat, car elle d\u00e9finit l\u2019engagement volontaire et gratuit, les valeurs fondamentales telles que la dignit\u00e9 humaine, la solidarit\u00e9 et la d\u00e9mocratie, ainsi que les r\u00f4les et responsabilit\u00e9s des b\u00e9n\u00e9voles. Elle garantit une collaboration harmonieuse entre les b\u00e9n\u00e9voles et le Centre Social Amilcar Reghem.<\/p>\n<p>Si vous voulez vous investir en tant que b\u00e9n\u00e9vole, nous vous invitons \u00e0 vous informer \u00e0 l&rsquo;accueil du centre social et pouvoir \u00e9tablir un contrat de b\u00e9n\u00e9vole annuel.<\/p>\t\t\t\t\t\t\t\t<\/div>\n\t\t\t\t<\/div>\n\t\t\t\t<div class=\"elementor-element elementor-element-67ca955 elementor-widget elementor-widget-heading\" data-id=\"67ca955\" data-element_type=\"widget\" data-widget_type=\"heading.default\">\n\t\t\t\t<div class=\"elementor-widget-container\">\n\t\t\t\t\t<h2 class=\"elementor-heading-title elementor-size-default\">Devenez b\u00e9n\u00e9vole !<\/h2>\t\t\t\t<\/div>\n\t\t\t\t<\/div>\n\t\t\t\t<div class=\"elementor-element elementor-element-da8555e elementor-widget elementor-widget-text-editor\" data-id=\"da8555e\" data-element_type=\"widget\" data-widget_type=\"text-editor.default\">\n\t\t\t\t<div class=\"elementor-widget-container\">\n\t\t\t\t\t\t\t\t\t<p>Retrouvez la convention de b\u00e9n\u00e9volat<\/p>\t\t\t\t\t\t\t\t<\/div>\n\t\t\t\t<\/div>\n\t\t\t\t<div class=\"elementor-element elementor-element-2921597 elementor-view-default elementor-widget elementor-widget-icon\" data-id=\"2921597\" data-element_type=\"widget\" data-widget_type=\"icon.default\">\n\t\t\t\t<div class=\"elementor-widget-container\">\n\t\t\t\t\t\t\t<div class=\"elementor-icon-wrapper\">\n\t\t\t<a class=\"elementor-icon elementor-animation-grow\" href=\"https:\/\/centresocialamilcarreghem.ovh\/wp-content\/uploads\/2025\/05\/Convention-de-Benevolat.pdf\">\n\t\t\t<svg aria-hidden=\"true\" class=\"e-font-icon-svg e-fas-file-pdf\" viewBox=\"0 0 384 512\" xmlns=\"http:\/\/www.w3.org\/2000\/svg\"><path d=\"M181.9 256.1c-5-16-4.9-46.9-2-46.9 8.4 0 7.6 36.9 2 46.9zm-1.7 47.2c-7.7 20.2-17.3 43.3-28.4 62.7 18.3-7 39-17.2 62.9-21.9-12.7-9.6-24.9-23.4-34.5-40.8zM86.1 428.1c0 .8 13.2-5.4 34.9-40.2-6.7 6.3-29.1 24.5-34.9 40.2zM248 160h136v328c0 13.3-10.7 24-24 24H24c-13.3 0-24-10.7-24-24V24C0 10.7 10.7 0 24 0h200v136c0 13.2 10.8 24 24 24zm-8 171.8c-20-12.2-33.3-29-42.7-53.8 4.5-18.5 11.6-46.6 6.2-64.2-4.7-29.4-42.4-26.5-47.8-6.8-5 18.3-.4 44.1 8.1 77-11.6 27.6-28.7 64.6-40.8 85.8-.1 0-.1.1-.2.1-27.1 13.9-73.6 44.5-54.5 68 5.6 6.9 16 10 21.5 10 17.9 0 35.7-18 61.1-61.8 25.8-8.5 54.1-19.1 79-23.2 21.7 11.8 47.1 19.5 64 19.5 29.2 0 31.2-32 19.7-43.4-13.9-13.6-54.3-9.7-73.6-7.2zM377 105L279 7c-4.5-4.5-10.6-7-17-7h-6v128h128v-6.1c0-6.3-2.5-12.4-7-16.9zm-74.1 255.3c4.1-2.7-2.5-11.9-42.8-9 37.1 15.8 42.8 9 42.8 9z\"><\/path><\/svg>\t\t\t<\/a>\n\t\t<\/div>\n\t\t\t\t\t\t<\/div>\n\t\t\t\t<\/div>\n\t\t\t\t\t<\/div>\n\t\t\t\t<\/div>\n\t\t\t\t<\/div>\n\t\t","protected":false},"excerpt":{"rendered":"<p>Pourquoi devenir b\u00e9n\u00e9vole ? Pour faire vivre notre centre social et culturel et nos valeurs de solidarit\u00e9s et de partage, de nombreux b\u00e9n\u00e9voles donnent de leur temps, de leurs comp\u00e9tences et de leur bonne volont\u00e9 dans les activit\u00e9s de l\u2019association. Toutes les personnes, quels que soient leur parcours, leu milieu social ou leur culture, peuvent \u00eatre force de proposition et d\u2019action pour am\u00e9liorer leur vie et celle des autres. Le B\u00e9n\u00e9volat se r\u00e9f\u00e8re au pouvoir d\u2019agir des habitants du territoire. Nous invitons les habitants \u00e0 s\u2019engager \u00e0 nos c\u00f4t\u00e9s en fonction de leurs disponibilit\u00e9s. Chaque b\u00e9n\u00e9vole est important pour assurer le bon fonctionnement de notre association. Chaque habitant a des qualit\u00e9s, parfois m\u00e9connues, l&rsquo;important c&rsquo;est de faire confiance. Il existe deux formes de B\u00e9n\u00e9volat : \u2013 Les B\u00e9n\u00e9voles d\u2019activit\u00e9s, qui consiste \u00e0 aider aux animations d\u2019ateliers, \u00e0 la pr\u00e9paration d\u2019action, aux partage de comp\u00e9tences. \u2013 Les b\u00e9n\u00e9voles actifs, qui consiste \u00e0 se r\u00e9f\u00e9rer \u00e0 la gouvernance associative en int\u00e9grant le conseil d\u2019administration. La charte du b\u00e9n\u00e9volat Chaque b\u00e9n\u00e9vole d\u2019activit\u00e9 signe une charte du b\u00e9n\u00e9volat, car elle d\u00e9finit l\u2019engagement volontaire et gratuit, les valeurs fondamentales telles que la dignit\u00e9 humaine, la solidarit\u00e9 et la d\u00e9mocratie, ainsi que les r\u00f4les et responsabilit\u00e9s des b\u00e9n\u00e9voles. Elle garantit une collaboration harmonieuse entre les b\u00e9n\u00e9voles et le Centre Social Amilcar Reghem. Si vous voulez vous investir en tant que b\u00e9n\u00e9vole, nous vous invitons \u00e0 vous informer \u00e0 l&rsquo;accueil du centre social et pouvoir \u00e9tablir un contrat de b\u00e9n\u00e9vole annuel. Devenez b\u00e9n\u00e9vole ! Retrouvez la convention de b\u00e9n\u00e9volat<\/p>\n","protected":false},"author":1,"featured_media":0,"parent":0,"menu_order":0,"comment_status":"closed","ping_status":"closed","template":"elementor_header_footer","meta":{"footnotes":""},"class_list":["post-35","page","type-page","status-publish","hentry","entry"],"yoast_head":"<!-- This site is optimized with the Yoast SEO plugin v26.6 - https:\/\/yoast.com\/wordpress\/plugins\/seo\/ -->\n<title>B\u00e9n\u00e9volat - Centre Social et Culturel Amilcar Reghem<\/title>\n<meta name=\"description\" content=\"Envie de participer \u00e0 la vie de votre ville? Devenez b\u00e9n\u00e9vole pour le Centre Social Amilcar Reghem de Quievrechain.\" \/>\n<meta name=\"robots\" content=\"noindex, follow, max-snippet:-1, max-image-preview:large, max-video-preview:-1\" \/>\n<meta property=\"og:locale\" content=\"fr_FR\" \/>\n<meta property=\"og:type\" content=\"article\" \/>\n<meta property=\"og:title\" content=\"B\u00e9n\u00e9volat - Centre Social et Culturel Amilcar Reghem\" \/>\n<meta property=\"og:description\" content=\"Envie de participer \u00e0 la vie de votre ville? Devenez b\u00e9n\u00e9vole pour le Centre Social Amilcar Reghem de Quievrechain.\" \/>\n<meta property=\"og:url\" content=\"https:\/\/centresocialamilcarreghem.ovh\/index.php\/benevolat\/\" \/>\n<meta property=\"og:site_name\" content=\"Centre Social et Culturel Amilcar Reghem\" \/>\n<meta property=\"article:publisher\" content=\"https:\/\/www.facebook.com\/CentresocialAmilcarReghem\" \/>\n<meta property=\"article:modified_time\" content=\"2025-06-06T11:14:07+00:00\" \/>\n<meta property=\"og:image\" content=\"https:\/\/centresocialamilcarreghem.ovh\/wp-content\/uploads\/elementor\/thumbs\/benevolat-01-r6wk9p4xq7klp5m5dd1zuav4ufb52y9nyqnabsi7sw.jpg\" \/>\n<meta name=\"twitter:card\" content=\"summary_large_image\" \/>\n<meta name=\"twitter:label1\" content=\"Dur\u00e9e de lecture estim\u00e9e\" \/>\n\t<meta name=\"twitter:data1\" content=\"2 minutes\" \/>\n<script type=\"application\/ld+json\" class=\"yoast-schema-graph\">{\"@context\":\"https:\/\/schema.org\",\"@graph\":[{\"@type\":\"WebPage\",\"@id\":\"https:\/\/centresocialamilcarreghem.ovh\/index.php\/benevolat\/\",\"url\":\"https:\/\/centresocialamilcarreghem.ovh\/index.php\/benevolat\/\",\"name\":\"B\u00e9n\u00e9volat - Centre Social et Culturel Amilcar Reghem\",\"isPartOf\":{\"@id\":\"https:\/\/centresocialamilcarreghem.ovh\/#website\"},\"primaryImageOfPage\":{\"@id\":\"https:\/\/centresocialamilcarreghem.ovh\/index.php\/benevolat\/#primaryimage\"},\"image\":{\"@id\":\"https:\/\/centresocialamilcarreghem.ovh\/index.php\/benevolat\/#primaryimage\"},\"thumbnailUrl\":\"https:\/\/centresocialamilcarreghem.ovh\/wp-content\/uploads\/elementor\/thumbs\/benevolat-01-r6wk9p4xq7klp5m5dd1zuav4ufb52y9nyqnabsi7sw.jpg\",\"datePublished\":\"2025-05-15T14:18:59+00:00\",\"dateModified\":\"2025-06-06T11:14:07+00:00\",\"description\":\"Envie de participer \u00e0 la vie de votre ville? Devenez b\u00e9n\u00e9vole pour le Centre Social Amilcar Reghem de Quievrechain.\",\"breadcrumb\":{\"@id\":\"https:\/\/centresocialamilcarreghem.ovh\/index.php\/benevolat\/#breadcrumb\"},\"inLanguage\":\"fr-FR\",\"potentialAction\":[{\"@type\":\"ReadAction\",\"target\":[\"https:\/\/centresocialamilcarreghem.ovh\/index.php\/benevolat\/\"]}]},{\"@type\":\"ImageObject\",\"inLanguage\":\"fr-FR\",\"@id\":\"https:\/\/centresocialamilcarreghem.ovh\/index.php\/benevolat\/#primaryimage\",\"url\":\"https:\/\/centresocialamilcarreghem.ovh\/wp-content\/uploads\/elementor\/thumbs\/benevolat-01-r6wk9p4xq7klp5m5dd1zuav4ufb52y9nyqnabsi7sw.jpg\",\"contentUrl\":\"https:\/\/centresocialamilcarreghem.ovh\/wp-content\/uploads\/elementor\/thumbs\/benevolat-01-r6wk9p4xq7klp5m5dd1zuav4ufb52y9nyqnabsi7sw.jpg\"},{\"@type\":\"BreadcrumbList\",\"@id\":\"https:\/\/centresocialamilcarreghem.ovh\/index.php\/benevolat\/#breadcrumb\",\"itemListElement\":[{\"@type\":\"ListItem\",\"position\":1,\"name\":\"Accueil\",\"item\":\"https:\/\/centresocialamilcarreghem.ovh\/\"},{\"@type\":\"ListItem\",\"position\":2,\"name\":\"B\u00e9n\u00e9volat\"}]},{\"@type\":\"WebSite\",\"@id\":\"https:\/\/centresocialamilcarreghem.ovh\/#website\",\"url\":\"https:\/\/centresocialamilcarreghem.ovh\/\",\"name\":\"Centre Social et Culturel Amilcar Reghem\",\"description\":\"\",\"publisher\":{\"@id\":\"https:\/\/centresocialamilcarreghem.ovh\/#organization\"},\"potentialAction\":[{\"@type\":\"SearchAction\",\"target\":{\"@type\":\"EntryPoint\",\"urlTemplate\":\"https:\/\/centresocialamilcarreghem.ovh\/?s={search_term_string}\"},\"query-input\":{\"@type\":\"PropertyValueSpecification\",\"valueRequired\":true,\"valueName\":\"search_term_string\"}}],\"inLanguage\":\"fr-FR\"},{\"@type\":\"Organization\",\"@id\":\"https:\/\/centresocialamilcarreghem.ovh\/#organization\",\"name\":\"Centre Social et Culturel Amilcar Reghem\",\"url\":\"https:\/\/centresocialamilcarreghem.ovh\/\",\"logo\":{\"@type\":\"ImageObject\",\"inLanguage\":\"fr-FR\",\"@id\":\"https:\/\/centresocialamilcarreghem.ovh\/#\/schema\/logo\/image\/\",\"url\":\"https:\/\/centresocialamilcarreghem.ovh\/wp-content\/uploads\/2025\/05\/logo_centre_social.png\",\"contentUrl\":\"https:\/\/centresocialamilcarreghem.ovh\/wp-content\/uploads\/2025\/05\/logo_centre_social.png\",\"width\":500,\"height\":500,\"caption\":\"Centre Social et Culturel Amilcar Reghem\"},\"image\":{\"@id\":\"https:\/\/centresocialamilcarreghem.ovh\/#\/schema\/logo\/image\/\"},\"sameAs\":[\"https:\/\/www.facebook.com\/CentresocialAmilcarReghem\",\"https:\/\/www.instagram.com\/amilcarreghem\/\"]}]}<\/script>\n<!-- \/ Yoast SEO plugin. -->","yoast_head_json":{"title":"B\u00e9n\u00e9volat - Centre Social et Culturel Amilcar Reghem","description":"Envie de participer \u00e0 la vie de votre ville? Devenez b\u00e9n\u00e9vole pour le Centre Social Amilcar Reghem de Quievrechain.","robots":{"index":"noindex","follow":"follow","max-snippet":"max-snippet:-1","max-image-preview":"max-image-preview:large","max-video-preview":"max-video-preview:-1"},"og_locale":"fr_FR","og_type":"article","og_title":"B\u00e9n\u00e9volat - Centre Social et Culturel Amilcar Reghem","og_description":"Envie de participer \u00e0 la vie de votre ville? Devenez b\u00e9n\u00e9vole pour le Centre Social Amilcar Reghem de Quievrechain.","og_url":"https:\/\/centresocialamilcarreghem.ovh\/index.php\/benevolat\/","og_site_name":"Centre Social et Culturel Amilcar Reghem","article_publisher":"https:\/\/www.facebook.com\/CentresocialAmilcarReghem","article_modified_time":"2025-06-06T11:14:07+00:00","og_image":[{"url":"https:\/\/centresocialamilcarreghem.ovh\/wp-content\/uploads\/elementor\/thumbs\/benevolat-01-r6wk9p4xq7klp5m5dd1zuav4ufb52y9nyqnabsi7sw.jpg","type":"","width":"","height":""}],"twitter_card":"summary_large_image","twitter_misc":{"Dur\u00e9e de lecture estim\u00e9e":"2 minutes"},"schema":{"@context":"https:\/\/schema.org","@graph":[{"@type":"WebPage","@id":"https:\/\/centresocialamilcarreghem.ovh\/index.php\/benevolat\/","url":"https:\/\/centresocialamilcarreghem.ovh\/index.php\/benevolat\/","name":"B\u00e9n\u00e9volat - Centre Social et Culturel Amilcar Reghem","isPartOf":{"@id":"https:\/\/centresocialamilcarreghem.ovh\/#website"},"primaryImageOfPage":{"@id":"https:\/\/centresocialamilcarreghem.ovh\/index.php\/benevolat\/#primaryimage"},"image":{"@id":"https:\/\/centresocialamilcarreghem.ovh\/index.php\/benevolat\/#primaryimage"},"thumbnailUrl":"https:\/\/centresocialamilcarreghem.ovh\/wp-content\/uploads\/elementor\/thumbs\/benevolat-01-r6wk9p4xq7klp5m5dd1zuav4ufb52y9nyqnabsi7sw.jpg","datePublished":"2025-05-15T14:18:59+00:00","dateModified":"2025-06-06T11:14:07+00:00","description":"Envie de participer \u00e0 la vie de votre ville? Devenez b\u00e9n\u00e9vole pour le Centre Social Amilcar Reghem de Quievrechain.","breadcrumb":{"@id":"https:\/\/centresocialamilcarreghem.ovh\/index.php\/benevolat\/#breadcrumb"},"inLanguage":"fr-FR","potentialAction":[{"@type":"ReadAction","target":["https:\/\/centresocialamilcarreghem.ovh\/index.php\/benevolat\/"]}]},{"@type":"ImageObject","inLanguage":"fr-FR","@id":"https:\/\/centresocialamilcarreghem.ovh\/index.php\/benevolat\/#primaryimage","url":"https:\/\/centresocialamilcarreghem.ovh\/wp-content\/uploads\/elementor\/thumbs\/benevolat-01-r6wk9p4xq7klp5m5dd1zuav4ufb52y9nyqnabsi7sw.jpg","contentUrl":"https:\/\/centresocialamilcarreghem.ovh\/wp-content\/uploads\/elementor\/thumbs\/benevolat-01-r6wk9p4xq7klp5m5dd1zuav4ufb52y9nyqnabsi7sw.jpg"},{"@type":"BreadcrumbList","@id":"https:\/\/centresocialamilcarreghem.ovh\/index.php\/benevolat\/#breadcrumb","itemListElement":[{"@type":"ListItem","position":1,"name":"Accueil","item":"https:\/\/centresocialamilcarreghem.ovh\/"},{"@type":"ListItem","position":2,"name":"B\u00e9n\u00e9volat"}]},{"@type":"WebSite","@id":"https:\/\/centresocialamilcarreghem.ovh\/#website","url":"https:\/\/centresocialamilcarreghem.ovh\/","name":"Centre Social et Culturel Amilcar Reghem","description":"","publisher":{"@id":"https:\/\/centresocialamilcarreghem.ovh\/#organization"},"potentialAction":[{"@type":"SearchAction","target":{"@type":"EntryPoint","urlTemplate":"https:\/\/centresocialamilcarreghem.ovh\/?s={search_term_string}"},"query-input":{"@type":"PropertyValueSpecification","valueRequired":true,"valueName":"search_term_string"}}],"inLanguage":"fr-FR"},{"@type":"Organization","@id":"https:\/\/centresocialamilcarreghem.ovh\/#organization","name":"Centre Social et Culturel Amilcar Reghem","url":"https:\/\/centresocialamilcarreghem.ovh\/","logo":{"@type":"ImageObject","inLanguage":"fr-FR","@id":"https:\/\/centresocialamilcarreghem.ovh\/#\/schema\/logo\/image\/","url":"https:\/\/centresocialamilcarreghem.ovh\/wp-content\/uploads\/2025\/05\/logo_centre_social.png","contentUrl":"https:\/\/centresocialamilcarreghem.ovh\/wp-content\/uploads\/2025\/05\/logo_centre_social.png","width":500,"height":500,"caption":"Centre Social et Culturel Amilcar Reghem"},"image":{"@id":"https:\/\/centresocialamilcarreghem.ovh\/#\/schema\/logo\/image\/"},"sameAs":["https:\/\/www.facebook.com\/CentresocialAmilcarReghem","https:\/\/www.instagram.com\/amilcarreghem\/"]}]}},"_links":{"self":[{"href":"https:\/\/centresocialamilcarreghem.ovh\/index.php\/wp-json\/wp\/v2\/pages\/35","targetHints":{"allow":["GET"]}}],"collection":[{"href":"https:\/\/centresocialamilcarreghem.ovh\/index.php\/wp-json\/wp\/v2\/pages"}],"about":[{"href":"https:\/\/centresocialamilcarreghem.ovh\/index.php\/wp-json\/wp\/v2\/types\/page"}],"author":[{"embeddable":true,"href":"https:\/\/centresocialamilcarreghem.ovh\/index.php\/wp-json\/wp\/v2\/users\/1"}],"replies":[{"embeddable":true,"href":"https:\/\/centresocialamilcarreghem.ovh\/index.php\/wp-json\/wp\/v2\/comments?post=35"}],"version-history":[{"count":27,"href":"https:\/\/centresocialamilcarreghem.ovh\/index.php\/wp-json\/wp\/v2\/pages\/35\/revisions"}],"predecessor-version":[{"id":1376,"href":"https:\/\/centresocialamilcarreghem.ovh\/index.php\/wp-json\/wp\/v2\/pages\/35\/revisions\/1376"}],"wp:attachment":[{"href":"https:\/\/centresocialamilcarreghem.ovh\/index.php\/wp-json\/wp\/v2\/media?parent=35"}],"curies":[{"name":"wp","href":"https:\/\/api.w.org\/{rel}","templated":true}]}}