{"id":1304,"date":"2025-06-06T10:58:25","date_gmt":"2025-06-06T08:58:25","guid":{"rendered":"https:\/\/centresocialamilcarreghem.ovh\/?page_id=1304"},"modified":"2025-06-06T11:03:24","modified_gmt":"2025-06-06T09:03:24","slug":"adhesion","status":"publish","type":"page","link":"https:\/\/centresocialamilcarreghem.ovh\/index.php\/adhesion\/","title":{"rendered":"Adh\u00e9sion"},"content":{"rendered":"\t\t<div data-elementor-type=\"wp-page\" data-elementor-id=\"1304\" class=\"elementor elementor-1304\">\n\t\t\t\t<div class=\"elementor-element elementor-element-fbbd188 e-flex e-con-boxed wpr-particle-no wpr-jarallax-no wpr-parallax-no wpr-sticky-section-no e-con e-parent\" data-id=\"fbbd188\" data-element_type=\"container\">\n\t\t\t\t\t<div class=\"e-con-inner\">\n\t\t\t\t<div class=\"elementor-element elementor-element-8760f47 elementor-widget elementor-widget-spacer\" data-id=\"8760f47\" data-element_type=\"widget\" data-widget_type=\"spacer.default\">\n\t\t\t\t<div class=\"elementor-widget-container\">\n\t\t\t\t\t\t\t<div class=\"elementor-spacer\">\n\t\t\t<div class=\"elementor-spacer-inner\"><\/div>\n\t\t<\/div>\n\t\t\t\t\t\t<\/div>\n\t\t\t\t<\/div>\n\t\t\t\t<div class=\"elementor-element elementor-element-bee9fc3 elementor-widget elementor-widget-heading\" data-id=\"bee9fc3\" data-element_type=\"widget\" data-widget_type=\"heading.default\">\n\t\t\t\t<div class=\"elementor-widget-container\">\n\t\t\t\t\t<h2 class=\"elementor-heading-title elementor-size-default\">DEVENIR ADHERENT ? \u00c0 QUOI \u00c7A SERT ?<\/h2>\t\t\t\t<\/div>\n\t\t\t\t<\/div>\n\t\t\t\t\t<\/div>\n\t\t\t\t<\/div>\n\t\t<div class=\"elementor-element elementor-element-79b6686 e-flex e-con-boxed wpr-particle-no wpr-jarallax-no wpr-parallax-no wpr-sticky-section-no e-con e-parent\" data-id=\"79b6686\" data-element_type=\"container\">\n\t\t\t\t\t<div class=\"e-con-inner\">\n\t\t\t\t<div class=\"elementor-element elementor-element-815aead elementor-widget elementor-widget-text-editor\" data-id=\"815aead\" data-element_type=\"widget\" data-widget_type=\"text-editor.default\">\n\t\t\t\t<div class=\"elementor-widget-container\">\n\t\t\t\t\t\t\t\t\t<div>Etre adh\u00e9rent au Centre Social et Culturel AMILCAR REGHEM c&rsquo;est faire partie de notre association et d&rsquo;adh\u00e9rer \u00e0 ses valeurs mais aussi de d\u00e9fendre une cause qui vous tient \u00e0 c\u0153ur, d&rsquo;\u00eatre en capacit\u00e9 de porter un regard, de promouvoir un projet, et plus encore\u2026<\/div><div>\u00a0<\/div><div>C\u2019est aussi contribuer au d\u00e9veloppement de l\u2019association par la parole lors d\u2019assembl\u00e9es, ou au sein du comit\u00e9 d&rsquo;usagers, ainsi que lors d\u2019\u00e9v\u00e9nements : activit\u00e9s, sorties, ateliers, \u00e9v\u00e9nements\u2026<\/div><div>\u00a0<\/div><div>La carte d&rsquo;adh\u00e9sion est annuelle et elle est valable du 1er janvier au 31 d\u00e9cembre. Elle est obligatoire pour participer aux actions, aux activit\u00e9s et ateliers du centre social.<\/div><div>\u00a0<\/div><div>Tarifs Familles 5\u20ac \/ Associations 20\u20ac.<\/div>\t\t\t\t\t\t\t\t<\/div>\n\t\t\t\t<\/div>\n\t\t\t\t\t<\/div>\n\t\t\t\t<\/div>\n\t\t\t\t<\/div>\n\t\t","protected":false},"excerpt":{"rendered":"<p>DEVENIR ADHERENT ? \u00c0 QUOI \u00c7A SERT ? Etre adh\u00e9rent au Centre Social et Culturel AMILCAR REGHEM c&rsquo;est faire partie de notre association et d&rsquo;adh\u00e9rer \u00e0 ses valeurs mais aussi de d\u00e9fendre une cause qui vous tient \u00e0 c\u0153ur, d&rsquo;\u00eatre en capacit\u00e9 de porter un regard, de promouvoir un projet, et plus encore\u2026\u00a0C\u2019est aussi contribuer au d\u00e9veloppement de l\u2019association par la parole lors d\u2019assembl\u00e9es, ou au sein du comit\u00e9 d&rsquo;usagers, ainsi que lors d\u2019\u00e9v\u00e9nements : activit\u00e9s, sorties, ateliers, \u00e9v\u00e9nements\u2026\u00a0La carte d&rsquo;adh\u00e9sion est annuelle et elle est valable du 1er janvier au 31 d\u00e9cembre. Elle est obligatoire pour participer aux actions, aux activit\u00e9s et ateliers du centre social.\u00a0Tarifs Familles 5\u20ac \/ Associations 20\u20ac.<\/p>\n","protected":false},"author":1,"featured_media":0,"parent":0,"menu_order":0,"comment_status":"closed","ping_status":"closed","template":"","meta":{"footnotes":""},"class_list":["post-1304","page","type-page","status-publish","hentry","entry"],"yoast_head":"<!-- This site is optimized with the Yoast SEO plugin v26.6 - https:\/\/yoast.com\/wordpress\/plugins\/seo\/ -->\n<title>Adh\u00e9sion - Centre Social et Culturel Amilcar Reghem Qui\u00e9vrechain<\/title>\n<meta name=\"description\" content=\"Si vous souhaitez devenir adh\u00e9rent \u00e0 notre centre social, venez consulter cette page pour plus d&#039;information et les tarifs.\" \/>\n<meta name=\"robots\" content=\"noindex, follow, max-snippet:-1, max-image-preview:large, max-video-preview:-1\" \/>\n<meta property=\"og:locale\" content=\"fr_FR\" \/>\n<meta property=\"og:type\" content=\"article\" \/>\n<meta property=\"og:title\" content=\"Adh\u00e9sion - Centre Social et Culturel Amilcar Reghem Qui\u00e9vrechain\" \/>\n<meta property=\"og:description\" content=\"Si vous souhaitez devenir adh\u00e9rent \u00e0 notre centre social, venez consulter cette page pour plus d&#039;information et les tarifs.\" \/>\n<meta property=\"og:url\" content=\"https:\/\/centresocialamilcarreghem.ovh\/index.php\/adhesion\/\" \/>\n<meta property=\"og:site_name\" content=\"Centre Social et Culturel Amilcar Reghem\" \/>\n<meta property=\"article:publisher\" content=\"https:\/\/www.facebook.com\/CentresocialAmilcarReghem\" \/>\n<meta property=\"article:modified_time\" content=\"2025-06-06T09:03:24+00:00\" \/>\n<meta name=\"twitter:card\" content=\"summary_large_image\" \/>\n<meta name=\"twitter:label1\" content=\"Dur\u00e9e de lecture estim\u00e9e\" \/>\n\t<meta name=\"twitter:data1\" content=\"1 minute\" \/>\n<script type=\"application\/ld+json\" class=\"yoast-schema-graph\">{\"@context\":\"https:\/\/schema.org\",\"@graph\":[{\"@type\":\"WebPage\",\"@id\":\"https:\/\/centresocialamilcarreghem.ovh\/index.php\/adhesion\/\",\"url\":\"https:\/\/centresocialamilcarreghem.ovh\/index.php\/adhesion\/\",\"name\":\"Adh\u00e9sion - Centre Social et Culturel Amilcar Reghem Qui\u00e9vrechain\",\"isPartOf\":{\"@id\":\"https:\/\/centresocialamilcarreghem.ovh\/#website\"},\"datePublished\":\"2025-06-06T08:58:25+00:00\",\"dateModified\":\"2025-06-06T09:03:24+00:00\",\"description\":\"Si vous souhaitez devenir adh\u00e9rent \u00e0 notre centre social, venez consulter cette page pour plus d'information et les tarifs.\",\"breadcrumb\":{\"@id\":\"https:\/\/centresocialamilcarreghem.ovh\/index.php\/adhesion\/#breadcrumb\"},\"inLanguage\":\"fr-FR\",\"potentialAction\":[{\"@type\":\"ReadAction\",\"target\":[\"https:\/\/centresocialamilcarreghem.ovh\/index.php\/adhesion\/\"]}]},{\"@type\":\"BreadcrumbList\",\"@id\":\"https:\/\/centresocialamilcarreghem.ovh\/index.php\/adhesion\/#breadcrumb\",\"itemListElement\":[{\"@type\":\"ListItem\",\"position\":1,\"name\":\"Accueil\",\"item\":\"https:\/\/centresocialamilcarreghem.ovh\/\"},{\"@type\":\"ListItem\",\"position\":2,\"name\":\"Adh\u00e9sion\"}]},{\"@type\":\"WebSite\",\"@id\":\"https:\/\/centresocialamilcarreghem.ovh\/#website\",\"url\":\"https:\/\/centresocialamilcarreghem.ovh\/\",\"name\":\"Centre Social et Culturel Amilcar Reghem\",\"description\":\"\",\"publisher\":{\"@id\":\"https:\/\/centresocialamilcarreghem.ovh\/#organization\"},\"potentialAction\":[{\"@type\":\"SearchAction\",\"target\":{\"@type\":\"EntryPoint\",\"urlTemplate\":\"https:\/\/centresocialamilcarreghem.ovh\/?s={search_term_string}\"},\"query-input\":{\"@type\":\"PropertyValueSpecification\",\"valueRequired\":true,\"valueName\":\"search_term_string\"}}],\"inLanguage\":\"fr-FR\"},{\"@type\":\"Organization\",\"@id\":\"https:\/\/centresocialamilcarreghem.ovh\/#organization\",\"name\":\"Centre Social et Culturel Amilcar Reghem\",\"url\":\"https:\/\/centresocialamilcarreghem.ovh\/\",\"logo\":{\"@type\":\"ImageObject\",\"inLanguage\":\"fr-FR\",\"@id\":\"https:\/\/centresocialamilcarreghem.ovh\/#\/schema\/logo\/image\/\",\"url\":\"https:\/\/centresocialamilcarreghem.ovh\/wp-content\/uploads\/2025\/05\/logo_centre_social.png\",\"contentUrl\":\"https:\/\/centresocialamilcarreghem.ovh\/wp-content\/uploads\/2025\/05\/logo_centre_social.png\",\"width\":500,\"height\":500,\"caption\":\"Centre Social et Culturel Amilcar Reghem\"},\"image\":{\"@id\":\"https:\/\/centresocialamilcarreghem.ovh\/#\/schema\/logo\/image\/\"},\"sameAs\":[\"https:\/\/www.facebook.com\/CentresocialAmilcarReghem\",\"https:\/\/www.instagram.com\/amilcarreghem\/\"]}]}<\/script>\n<!-- \/ Yoast SEO plugin. -->","yoast_head_json":{"title":"Adh\u00e9sion - Centre Social et Culturel Amilcar Reghem Qui\u00e9vrechain","description":"Si vous souhaitez devenir adh\u00e9rent \u00e0 notre centre social, venez consulter cette page pour plus d'information et les tarifs.","robots":{"index":"noindex","follow":"follow","max-snippet":"max-snippet:-1","max-image-preview":"max-image-preview:large","max-video-preview":"max-video-preview:-1"},"og_locale":"fr_FR","og_type":"article","og_title":"Adh\u00e9sion - Centre Social et Culturel Amilcar Reghem Qui\u00e9vrechain","og_description":"Si vous souhaitez devenir adh\u00e9rent \u00e0 notre centre social, venez consulter cette page pour plus d'information et les tarifs.","og_url":"https:\/\/centresocialamilcarreghem.ovh\/index.php\/adhesion\/","og_site_name":"Centre Social et Culturel Amilcar Reghem","article_publisher":"https:\/\/www.facebook.com\/CentresocialAmilcarReghem","article_modified_time":"2025-06-06T09:03:24+00:00","twitter_card":"summary_large_image","twitter_misc":{"Dur\u00e9e de lecture estim\u00e9e":"1 minute"},"schema":{"@context":"https:\/\/schema.org","@graph":[{"@type":"WebPage","@id":"https:\/\/centresocialamilcarreghem.ovh\/index.php\/adhesion\/","url":"https:\/\/centresocialamilcarreghem.ovh\/index.php\/adhesion\/","name":"Adh\u00e9sion - Centre Social et Culturel Amilcar Reghem Qui\u00e9vrechain","isPartOf":{"@id":"https:\/\/centresocialamilcarreghem.ovh\/#website"},"datePublished":"2025-06-06T08:58:25+00:00","dateModified":"2025-06-06T09:03:24+00:00","description":"Si vous souhaitez devenir adh\u00e9rent \u00e0 notre centre social, venez consulter cette page pour plus d'information et les tarifs.","breadcrumb":{"@id":"https:\/\/centresocialamilcarreghem.ovh\/index.php\/adhesion\/#breadcrumb"},"inLanguage":"fr-FR","potentialAction":[{"@type":"ReadAction","target":["https:\/\/centresocialamilcarreghem.ovh\/index.php\/adhesion\/"]}]},{"@type":"BreadcrumbList","@id":"https:\/\/centresocialamilcarreghem.ovh\/index.php\/adhesion\/#breadcrumb","itemListElement":[{"@type":"ListItem","position":1,"name":"Accueil","item":"https:\/\/centresocialamilcarreghem.ovh\/"},{"@type":"ListItem","position":2,"name":"Adh\u00e9sion"}]},{"@type":"WebSite","@id":"https:\/\/centresocialamilcarreghem.ovh\/#website","url":"https:\/\/centresocialamilcarreghem.ovh\/","name":"Centre Social et Culturel Amilcar Reghem","description":"","publisher":{"@id":"https:\/\/centresocialamilcarreghem.ovh\/#organization"},"potentialAction":[{"@type":"SearchAction","target":{"@type":"EntryPoint","urlTemplate":"https:\/\/centresocialamilcarreghem.ovh\/?s={search_term_string}"},"query-input":{"@type":"PropertyValueSpecification","valueRequired":true,"valueName":"search_term_string"}}],"inLanguage":"fr-FR"},{"@type":"Organization","@id":"https:\/\/centresocialamilcarreghem.ovh\/#organization","name":"Centre Social et Culturel Amilcar Reghem","url":"https:\/\/centresocialamilcarreghem.ovh\/","logo":{"@type":"ImageObject","inLanguage":"fr-FR","@id":"https:\/\/centresocialamilcarreghem.ovh\/#\/schema\/logo\/image\/","url":"https:\/\/centresocialamilcarreghem.ovh\/wp-content\/uploads\/2025\/05\/logo_centre_social.png","contentUrl":"https:\/\/centresocialamilcarreghem.ovh\/wp-content\/uploads\/2025\/05\/logo_centre_social.png","width":500,"height":500,"caption":"Centre Social et Culturel Amilcar Reghem"},"image":{"@id":"https:\/\/centresocialamilcarreghem.ovh\/#\/schema\/logo\/image\/"},"sameAs":["https:\/\/www.facebook.com\/CentresocialAmilcarReghem","https:\/\/www.instagram.com\/amilcarreghem\/"]}]}},"_links":{"self":[{"href":"https:\/\/centresocialamilcarreghem.ovh\/index.php\/wp-json\/wp\/v2\/pages\/1304","targetHints":{"allow":["GET"]}}],"collection":[{"href":"https:\/\/centresocialamilcarreghem.ovh\/index.php\/wp-json\/wp\/v2\/pages"}],"about":[{"href":"https:\/\/centresocialamilcarreghem.ovh\/index.php\/wp-json\/wp\/v2\/types\/page"}],"author":[{"embeddable":true,"href":"https:\/\/centresocialamilcarreghem.ovh\/index.php\/wp-json\/wp\/v2\/users\/1"}],"replies":[{"embeddable":true,"href":"https:\/\/centresocialamilcarreghem.ovh\/index.php\/wp-json\/wp\/v2\/comments?post=1304"}],"version-history":[{"count":11,"href":"https:\/\/centresocialamilcarreghem.ovh\/index.php\/wp-json\/wp\/v2\/pages\/1304\/revisions"}],"predecessor-version":[{"id":1381,"href":"https:\/\/centresocialamilcarreghem.ovh\/index.php\/wp-json\/wp\/v2\/pages\/1304\/revisions\/1381"}],"wp:attachment":[{"href":"https:\/\/centresocialamilcarreghem.ovh\/index.php\/wp-json\/wp\/v2\/media?parent=1304"}],"curies":[{"name":"wp","href":"https:\/\/api.w.org\/{rel}","templated":true}]}}